{"id":884,"date":"2020-02-28T18:03:49","date_gmt":"2020-02-28T17:03:49","guid":{"rendered":"http:\/\/www.ghislainegarcin.fr\/?page_id=884"},"modified":"2025-10-08T16:35:43","modified_gmt":"2025-10-08T14:35:43","slug":"ghislaine-garcin-mentions-legales","status":"publish","type":"page","link":"https:\/\/www.ghislainegarcin.fr\/en\/ghislaine-garcin-mentions-legales\/","title":{"rendered":"Legal &amp; Privacy Policy"},"content":{"rendered":"<div data-elementor-type=\"wp-page\" data-elementor-id=\"884\" class=\"elementor elementor-884\">\n\t\t\t\t\t\t<section class=\"elementor-section elementor-top-section elementor-element elementor-element-3ae22f65 elementor-section-boxed elementor-section-height-default elementor-section-height-default\" data-id=\"3ae22f65\" data-element_type=\"section\">\n\t\t\t\t\t\t<div class=\"elementor-container elementor-column-gap-default\">\n\t\t\t\t\t<div class=\"elementor-column elementor-col-100 elementor-top-column elementor-element elementor-element-42f9cf67\" data-id=\"42f9cf67\" data-element_type=\"column\">\n\t\t\t<div class=\"elementor-widget-wrap elementor-element-populated\">\n\t\t\t\t\t\t<div class=\"elementor-element elementor-element-852ac38 elementor-widget elementor-widget-heading\" data-id=\"852ac38\" data-element_type=\"widget\" data-widget_type=\"heading.default\">\n\t\t\t\t<div class=\"elementor-widget-container\">\n\t\t\t\t\t<h4 class=\"elementor-heading-title elementor-size-default\">Mentions l\u00e9gales<\/h4>\t\t\t\t<\/div>\n\t\t\t\t<\/div>\n\t\t\t\t<div class=\"elementor-element elementor-element-1a5124e8 elementor-widget elementor-widget-text-editor\" data-id=\"1a5124e8\" data-element_type=\"widget\" data-widget_type=\"text-editor.default\">\n\t\t\t\t<div class=\"elementor-widget-container\">\n\t\t\t\t\t\t\t\t\t<p><\/p>\n<p>Editeur du site<br \/>Ghislaine Garcin<br \/>14 rue Roussel Doria<br \/>13004 Marseille<br \/>Siret: 38357961200052<\/p>\n<p><\/p>\n<p>Directeur de la publication<br \/>Ghislaine Garcin<\/p>\n<p><\/p>\n<p>Concepteur du site<br \/><strong>Ghislaine Garcin \/ Maille&amp;feutre \/ Marseille<\/strong><br \/>14 rue Roussel Doria<br \/>13004 Marseille<\/p>\n<p><\/p>\n<p>Le pr\u00e9sent site web, accessible \u00e0 l\u2019adresse\u00a0www.ghislainegarcin.fr est \u00e9dit\u00e9 par l\u2019artisane d&rsquo;art &#8211; cr\u00e9atrice textile Ghislaine Garcin. Il a pour but de repr\u00e9senter sa marque Ghislaine Garcin, Maille&amp;feutre.<br \/>La microentreprise est \u00a0inscrite \u00e0 la Chambre des M\u00e9tiers et de l\u2019Artisanat des Bouches du Rh\u00f4ne\u00a0sous le num\u00e9ro 383579612RM1301.<\/p>\n<p><\/p>\n<p>Droit d\u2019auteur<br \/>Le contenu du site, sa structure g\u00e9n\u00e9rale, les textes, les images, anim\u00e9es ou non, et les sons dont le site est compos\u00e9 sont la propri\u00e9t\u00e9 exclusive de Ghislaine Garcin. Toute repr\u00e9sentation totale ou partielle de ce site et de son contenu, par quelques proc\u00e9d\u00e9s que ce soient, sans l\u2019autorisation pr\u00e9alable expresse de Ghislaine Garcin est interdite et constituerait une contrefa\u00e7on sanctionn\u00e9e par les articles L.335-2 et suivants du Code de la Propri\u00e9t\u00e9 intellectuelle.<\/p>\n<p><\/p>\n<p>H\u00e9bergeur<br \/>OVH, 2 rue Kellerman\u00a0\u2013 59100 ROUBAIX Cedex<\/p>\n<p><\/p>\n<p>Licence d\u2019utilisation du Contenu du Site<br \/>Du seul fait de sa connexion au site, l\u2019utilisateur reconna\u00eet accepter de Ghislaine Garcin une licence d\u2019usage du contenu du site strictement limit\u00e9e aux conditions imp\u00e9ratives suivantes :<br \/>La pr\u00e9sente licence est accord\u00e9e \u00e0 titre non exclusif et n\u2019est pas transmissible.<br \/>Le droit d\u2019usage conf\u00e9r\u00e9 \u00e0 l\u2019utilisateur\/internaute est personnel et priv\u00e9 :\u00a0 toute reproduction du contenu du site sur un quelconque support pour un usage collectif ou professionnel est prohib\u00e9e. Il en est de m\u00eame pour toute communication de ce contenu par voie \u00e9lectronique.<br \/>Le droit d\u2019usage comprend seulement l\u2019autorisation de consulter le site et son contenu.<\/p>\n<p><\/p>\n<p><strong>Charte de confidentialit\u00e9<\/strong><\/p>\n<p><\/p>\n<p>Donn\u00e9es personnelles<br \/>La microentreprise Ghislaine Garcin est une entreprise indiviudelle inscrite \u00e0 la Chambre des M\u00e9tiers et de l\u2019artisanat des Bouches du Rh\u00f4ne\u00a0sous le num\u00e9ro 383579612RM1301. Ghislaine Garcin est la responsable du traitement des donn\u00e9es collect\u00e9es sur le site www.ghislainegarcin.fr. Les informations que vous saisissez dans les formulaires ou courriels, sont destin\u00e9es uniquement \u00e0 la soci\u00e9t\u00e9 Ghislaine Garcin.<br \/>Conform\u00e9ment \u00e0 l\u2019article 32 de la loi Informatique et libert\u00e9s du 6 janvier 1978 modifi\u00e9e, l\u2019utilisateur est inform\u00e9 que les informations communiqu\u00e9es par les formulaires pr\u00e9sents sur le site de Ghislaine Garcin \/ Maille&amp;feutre \/ Marseille sont utilis\u00e9es uniquement pour r\u00e9pondre \u00e0 la demande d\u2019information. Ghislaine Garcin est la seule destinataire et elle se sert des informations uniquement \u00e0 des fins de suivi ou de r\u00e9ponse \u00e0 une demande explicite.<br \/>Conform\u00e9ment aux dispositions des articles 39 et 40 de la loi \u00ab Informatique et Libert\u00e9s \u00bb du 6 janvier 1978 modifi\u00e9e en 2004, l\u2019utilisateur b\u00e9n\u00e9ficie d\u2019un droit d\u2019acc\u00e8s, de rectification, de mise \u00e0 jour et d\u2019effacement des informations qui le concernent, qu\u2019il peut exercer en s\u2019adressant par mail \u00e0 Ghislaine Garcin par le bias du\u00a0formulaire de contact, ou par courrier \u00e0 Ghislaine Garcin, 14 rue Roussel Doria 13004 Marseille.<br \/>Vous b\u00e9n\u00e9ficiez \u00e9galement du droit de donner des directives sur le sort de vos donn\u00e9es apr\u00e8s votre d\u00e9c\u00e8s.<br \/>Conform\u00e9ment aux dispositions de l\u2019article 38 de la loi \u00ab Informatique et Libert\u00e9s \u00bb du 6 janvier 1978 modifi\u00e9e en 2004, l\u2019utilisateur peut \u00e9galement s\u2019opposer, pour des motifs l\u00e9gitimes \u00e0 ce que ses donn\u00e9es fassent l\u2019objet d\u2019un traitement et sans motif et sans frais, \u00e0 ce que ses donn\u00e9es soient utilis\u00e9es \u00e0 des fins de prospection commerciale.<br \/>L\u2019utilisateur est inform\u00e9 que lors de ses visites sur le site www.ghislainegarcin.fr, un cookie peut s\u2019installer automatiquement sur son logiciel de navigation.<br \/>Les informations recueillies sur ce site seront conserv\u00e9es pendant une dur\u00e9e de 3 ans.<br \/>L\u2019utilisateur dispose d\u2019un droit d\u2019acc\u00e8s, de retrait et de modification des donn\u00e9es \u00e0 caract\u00e8re personnel communiqu\u00e9es par le biais des cookies dans les conditions indiqu\u00e9es ci-dessus.<br \/>L\u2019utilisateur du site\u00a0www.ghislainegarcin.fr est tenu de respecter les dispositions de la loi Informatique et libert\u00e9s du 6 janvier 1978 modifi\u00e9e dont la violation est passible de sanctions p\u00e9nales. Il doit notamment s\u2019abstenir, s\u2019agissant des informations nominatives auxquelles il acc\u00e8de, de toute collecte, de toute utilisation d\u00e9tourn\u00e9e, et d\u2019une mani\u00e8re g\u00e9n\u00e9rale, de tout acte susceptible de porter atteinte \u00e0 la vie priv\u00e9e ou \u00e0 la r\u00e9putation des personnes.<\/p>\n<p><\/p>\n<p><strong>Types de cookies utilis\u00e9s et finalit\u00e9<br \/><\/strong>Nous \u00e9mettons sur notre site les cookies des cat\u00e9gories suivantes :<\/p>\n<p><\/p>\n<p><strong>Cookies de navigation<\/strong><br \/>Ces cookies sont indispensables au bon fonctionnement du site Internet et de ses fonctions. Ces cookies ne recueillent pas d\u2019informations pour \u00eatre utilis\u00e9es \u00e0 des fins de prospection commerciale ou de ciblage.<br \/>Important : nous attirons votre attention qu\u2019en param\u00e9trant le navigateur pour refuser ces cookies, certaines fonctionnalit\u00e9s ou pages du site seront difficilement accessibles voire impossibles. Tout param\u00e9trage sera susceptible de modifier votre navigation et vos conditions d\u2019acc\u00e8s au pr\u00e9sent site.<\/p>\n<p><\/p>\n<p><strong>Cookies de performance<\/strong><br \/>Ces cookies collectent des informations sur les modes d\u2019utilisation des sites Internet pour l\u2019ensemble des visiteurs. Les cookies de performance nous aident notamment \u00e0 identifier les sections particuli\u00e8rement populaires de nos sites Internet, le nombre de visites. Ces \u00e9l\u00e9ments nous permettent d\u2019adapter les contenus de nos sites Internet de mani\u00e8re cibl\u00e9e aux besoins des utilisateurs et par l\u00e0 m\u00eame d\u2019am\u00e9liorer nos offres et l\u2019ergonomie de nos services. Pour exploiter les donn\u00e9es \u00e0 des fins statistiques, ce site utilise l\u2019outil Google Analytics (<a href=\"http:\/\/www.google.com\/analytics\/\">http:\/\/www.google.com\/analytics\/<\/a>). L\u2019outil Google Analytics est l\u2019outil d\u2019analyse des sites Internet de la soci\u00e9t\u00e9 am\u00e9ricaine Google Inc. qui est adh\u00e9rente au Safe harbor et assure \u00e0 ce titre, un niveau de protection ad\u00e9quat des donn\u00e9es \u00e0 caract\u00e8re personnel. Les donn\u00e9es collect\u00e9es par l\u2019interm\u00e9diaire des cookies sont transmises et stock\u00e9es par cette soci\u00e9t\u00e9 sur des serveurs situ\u00e9s aux Etats-Unis. Google Analytics permet de comptabiliser les visiteurs du site et d\u2019identifier leur mani\u00e8re d\u2019utiliser le site. Les donn\u00e9es \u00e0 caract\u00e8re personnel g\u00e9n\u00e9r\u00e9es par ces cookies sont mentionn\u00e9es dans la \u00ab\u00a0description des cookies\u00a0\u00bb. Vous pouvez obtenir plus d\u2019informations sur le service Google Analytics en consultant la page :\u00a0<a href=\"http:\/\/www.google.com\/analytics\/learn\/privacy.html\">http:\/\/www.google.com\/analytics\/learn\/privacy.html<\/a><\/p>\n<p><\/p>\n<p><strong>Compl\u00e9ment Google Analytics<\/strong><br \/>Dans le cas d\u2019une activation de l\u2019anonymisation de l\u2019IP sur ce site, votre adresse IP sera toutefois compress\u00e9e au pr\u00e9alable par Google, dans les Etats membres de l\u2019Union Europ\u00e9enne ou dans les autres Etats membres du trait\u00e9 de l\u2019espace \u00e9conomique europ\u00e9en. Seulement dans des cas exceptionnels, l\u2019adresse IP compl\u00e8te sera transmise \u00e0 un serveur de Google aux Etats-Unis et alors compress\u00e9e. Google utilisera ces informations pour le compte du propri\u00e9taire de ce site, afin d\u2019analyser votre utilisation du site, d\u2019\u00e9tablir des rapports sur l\u2019activit\u00e9 des visiteurs et fournir aussi des donn\u00e9es aux services tiers li\u00e9s \u00e0 l\u2019utilisation du site et d\u2019Internet. Google ne reliera pas l\u2019adresse IP transmise par votre navigateur dans le cadre de Google Analytics \u00e0 d\u2019autres donn\u00e9es Google. Vous pouvez d\u00e9sactiver l\u2019installation et l\u2019utilisation des Cookies par un simple param\u00e9trage de votre logiciel de navigation Internet; nous vous informons cependant qu\u2019il est alors possible que vous ne puissiez acc\u00e9der \u00e0 toutes les fonctions du site de fa\u00e7on optimale. Mais vous pouvez emp\u00eacher l\u2019enregistrement des donn\u00e9es personnelles (incluant votre adresse IP) engendr\u00e9 par les Cookie et l\u2019utilisation du site, ainsi que l\u2019exploitation de ces donn\u00e9es par Google, en t\u00e9l\u00e9chargeant et installant gr\u00e2ce au lien suivant le Plugin navigateur disponible :\u00a0<a href=\"http:\/\/tools.google.com\/dlpage\/gaoptout\">http:\/\/tools.google.com\/dlpage\/gaoptout<\/a><br \/>Vous pouvez emp\u00eacher l\u2019enregistrement des donn\u00e9es par Google Analytics en cliquant sur ce\u00a0lien. Un \u00ab\u00a0cookie d\u2019opt-out\u00a0\u00bb sera alors plac\u00e9 sur votre site web et vous permettra de ne pas \u00eatre track\u00e9 durant votre navigation sur ce site.<br \/>Vous trouverez plus d\u2019informations concernant les R\u00e8gles de confidentialit\u00e9 et conditions d\u2019utilisation de\u00a0<a href=\"https:\/\/www.google.com\/analytics\/terms\/fr.html\">Google Analytics ici<\/a>\u00a0ou dans la rubrique\u00a0<a href=\"https:\/\/www.google.com\/analytics\/learn\/privacy.html\">A propos de Google Analytics<\/a>. Veuillez noter que sur ce site, le code Google Analytics \u00ab\u00a0gat._anonymizeIp();\u00a0\u00bb a \u00e9t\u00e9 ajout\u00e9 afin d\u2019assurer la collecte des adresses IP de fa\u00e7on anonyme (IP masking).<\/p>\n<p><\/p>\n<p><strong>reCAPTCHA<\/strong><br \/>Nous utilisons le service reCAPTCHA de Google Inc. (Google) pour prot\u00e9ger les entr\u00e9es des formulaires sur notre site. Ce service est utilis\u00e9 pour diff\u00e9rencier les entr\u00e9es faites par un \u00eatre humain des abus automatis\u00e9s. Cela implique l\u2019envoi de l\u2019adresse IP et \u00e9ventuellement d\u2019autres donn\u00e9es requises par Google pour le service reCAPTCHA. \u00c0 cette fin, vos donn\u00e9es seront communiqu\u00e9es \u00e0 Google et utilis\u00e9es par leurs services. Toutefois, votre adresse IP sera pr\u00e9alablement raccourcie par Google dans les \u00c9tats membres de l\u2019Union europ\u00e9enne \u2013 ou dans d\u2019autres \u00c9tats qui font partie de l\u2019accord sur l\u2019Espace \u00e9conomique europ\u00e9en \u2013 et sera ainsi anonyme. Dans certains cas exceptionnels, votre adresse IP compl\u00e8te sera transmise \u00e0 un serveur de Google aux \u00c9tats-Unis et raccourcie ensuite. Au nom de l\u2019exploitant de ce site web, Google utilisera ces informations pour \u00e9valuer votre utilisation de ce service. L\u2019adresse IP fournie par reCAPTCHA par votre navigateur ne sera pas fusionn\u00e9e avec d\u2019autres donn\u00e9es de Google. Cette collection des donn\u00e9es est sujette \u00e0 la Charte de confidentialit\u00e9 de Google. Pour plus d\u2019informations concernant la politique de confidentialit\u00e9 de Google, rendez-vous sur la page :<a href=\"https:\/\/policies.google.com\/privacy?hl=fr\">https:\/\/policies.google.com\/privacy?hl=fr<\/a><br \/>En utilisant le service reCAPTCHA, vous consentez au traitement des donn\u00e9es vous concernant par Google, de la mani\u00e8re et aux fins \u00e9nonc\u00e9es ci-dessus.<\/p>\n<p><\/p>\n<p><strong>Newsletter<\/strong><br \/>Les adresses mail r\u00e9colt\u00e9es dans le formulaire \u00ab\u00a0Newsletter\u00a0\u00bb sont utilis\u00e9es uniquement dans le but de vous informer sur l\u2019activit\u00e9 de \u00ab\u00a0Ghislaine Garcin \/ Maille&amp;feutre\u00bb : ses expositions, stages et promotions. Pour l\u2019envoie de la newsletter nous passons par l\u2019interm\u00e9diaire de Mailerlite dont vous trouvez les mentions l\u00e9gales ici\u00a0https:\/\/www.mailerlite.com\/legal\/privacy-polic<\/p>\n<p><\/p>\t\t\t\t\t\t\t\t<\/div>\n\t\t\t\t<\/div>\n\t\t\t\t\t<\/div>\n\t\t<\/div>\n\t\t\t\t\t<\/div>\n\t\t<\/section>\n\t\t\t\t<\/div>","protected":false},"excerpt":{"rendered":"<p>Mentions l\u00e9gales Editeur du siteGhislaine Garcin14 rue Roussel Doria13004 MarseilleSiret: 38357961200052 Directeur de la publicationGhislaine Garcin Concepteur du siteGhislaine Garcin \/ Maille&amp;feutre \/ Marseille14 rue Roussel Doria13004 Marseille Le pr\u00e9sent site web, accessible \u00e0 l\u2019adresse\u00a0www.ghislainegarcin.fr est \u00e9dit\u00e9 par l\u2019artisane d&rsquo;art &#8211; cr\u00e9atrice textile Ghislaine Garcin. Il a pour but de repr\u00e9senter sa marque Ghislaine Garcin, &hellip; <\/p>","protected":false},"author":1,"featured_media":0,"parent":0,"menu_order":24,"comment_status":"closed","ping_status":"closed","template":"","meta":{"footnotes":""},"yoast_head":"<!-- This site is optimized with the Yoast SEO plugin v23.5 - https:\/\/yoast.com\/wordpress\/plugins\/seo\/ -->\n<title>Ghislaine Garcin Maille &amp; feutre - Mentions l\u00e9gales &amp; Politique de Confidentialit\u00e9<\/title>\n<meta name=\"description\" content=\"Mentions l\u00e9gales du site www.ghislainegarcin.fr\" \/>\n<meta name=\"robots\" content=\"index, follow, max-snippet:-1, max-image-preview:large, max-video-preview:-1\" \/>\n<link rel=\"canonical\" href=\"https:\/\/www.ghislainegarcin.fr\/en\/ghislaine-garcin-mentions-legales\/\" \/>\n<meta property=\"og:locale\" content=\"en_GB\" \/>\n<meta property=\"og:type\" content=\"article\" \/>\n<meta property=\"og:title\" content=\"Ghislaine Garcin Maille &amp; feutre - Mentions l\u00e9gales &amp; Politique de Confidentialit\u00e9\" \/>\n<meta property=\"og:description\" content=\"Mentions l\u00e9gales du site www.ghislainegarcin.fr\" \/>\n<meta property=\"og:url\" content=\"https:\/\/www.ghislainegarcin.fr\/en\/ghislaine-garcin-mentions-legales\/\" \/>\n<meta property=\"og:site_name\" content=\"Ghislaine Garcin\" \/>\n<meta property=\"article:publisher\" content=\"https:\/\/www.facebook.com\/ghislainegarcin.creationstextiles\/\" \/>\n<meta property=\"article:modified_time\" content=\"2025-10-08T14:35:43+00:00\" \/>\n<meta name=\"twitter:card\" content=\"summary_large_image\" \/>\n<meta name=\"twitter:label1\" content=\"Estimated reading time\" \/>\n\t<meta name=\"twitter:data1\" content=\"9 minutes\" \/>\n<script type=\"application\/ld+json\" class=\"yoast-schema-graph\">{\"@context\":\"https:\/\/schema.org\",\"@graph\":[{\"@type\":\"WebPage\",\"@id\":\"https:\/\/www.ghislainegarcin.fr\/ghislaine-garcin-mentions-legales\/\",\"url\":\"https:\/\/www.ghislainegarcin.fr\/ghislaine-garcin-mentions-legales\/\",\"name\":\"Ghislaine Garcin Maille & feutre - Mentions l\u00e9gales & Politique de Confidentialit\u00e9\",\"isPartOf\":{\"@id\":\"https:\/\/www.ghislainegarcin.fr\/#website\"},\"datePublished\":\"2020-02-28T17:03:49+00:00\",\"dateModified\":\"2025-10-08T14:35:43+00:00\",\"description\":\"Mentions l\u00e9gales du site www.ghislainegarcin.fr\",\"breadcrumb\":{\"@id\":\"https:\/\/www.ghislainegarcin.fr\/ghislaine-garcin-mentions-legales\/#breadcrumb\"},\"inLanguage\":\"en-GB\",\"potentialAction\":[{\"@type\":\"ReadAction\",\"target\":[\"https:\/\/www.ghislainegarcin.fr\/ghislaine-garcin-mentions-legales\/\"]}]},{\"@type\":\"BreadcrumbList\",\"@id\":\"https:\/\/www.ghislainegarcin.fr\/ghislaine-garcin-mentions-legales\/#breadcrumb\",\"itemListElement\":[{\"@type\":\"ListItem\",\"position\":1,\"name\":\"Accueil\",\"item\":\"https:\/\/www.ghislainegarcin.fr\/\"},{\"@type\":\"ListItem\",\"position\":2,\"name\":\"Mentions l\u00e9gales &#038; Politique de Confidentialit\u00e9\"}]},{\"@type\":\"WebSite\",\"@id\":\"https:\/\/www.ghislainegarcin.fr\/#website\",\"url\":\"https:\/\/www.ghislainegarcin.fr\/\",\"name\":\"Ghislaine Garcin\",\"description\":\"feutre art textile\",\"publisher\":{\"@id\":\"https:\/\/www.ghislainegarcin.fr\/#organization\"},\"potentialAction\":[{\"@type\":\"SearchAction\",\"target\":{\"@type\":\"EntryPoint\",\"urlTemplate\":\"https:\/\/www.ghislainegarcin.fr\/?s={search_term_string}\"},\"query-input\":{\"@type\":\"PropertyValueSpecification\",\"valueRequired\":true,\"valueName\":\"search_term_string\"}}],\"inLanguage\":\"en-GB\"},{\"@type\":\"Organization\",\"@id\":\"https:\/\/www.ghislainegarcin.fr\/#organization\",\"name\":\"Ghislaine Garcin\",\"url\":\"https:\/\/www.ghislainegarcin.fr\/\",\"logo\":{\"@type\":\"ImageObject\",\"inLanguage\":\"en-GB\",\"@id\":\"https:\/\/www.ghislainegarcin.fr\/#\/schema\/logo\/image\/\",\"url\":\"https:\/\/www.ghislainegarcin.fr\/wp-content\/uploads\/2025\/10\/cropped-newlogofeutrearttextileBD.jpg\",\"contentUrl\":\"https:\/\/www.ghislainegarcin.fr\/wp-content\/uploads\/2025\/10\/cropped-newlogofeutrearttextileBD.jpg\",\"width\":384,\"height\":108,\"caption\":\"Ghislaine Garcin\"},\"image\":{\"@id\":\"https:\/\/www.ghislainegarcin.fr\/#\/schema\/logo\/image\/\"},\"sameAs\":[\"https:\/\/www.facebook.com\/ghislainegarcin.creationstextiles\/\",\"https:\/\/www.instagram.com\/ghislainegarcin\/\",\"https:\/\/www.linkedin.com\/in\/ghislainegarcin\/\"]}]}<\/script>\n<!-- \/ Yoast SEO plugin. -->","yoast_head_json":{"title":"Ghislaine Garcin Maille & feutre - Mentions l\u00e9gales & Politique de Confidentialit\u00e9","description":"Mentions l\u00e9gales du site www.ghislainegarcin.fr","robots":{"index":"index","follow":"follow","max-snippet":"max-snippet:-1","max-image-preview":"max-image-preview:large","max-video-preview":"max-video-preview:-1"},"canonical":"https:\/\/www.ghislainegarcin.fr\/en\/ghislaine-garcin-mentions-legales\/","og_locale":"en_GB","og_type":"article","og_title":"Ghislaine Garcin Maille & feutre - Mentions l\u00e9gales & Politique de Confidentialit\u00e9","og_description":"Mentions l\u00e9gales du site www.ghislainegarcin.fr","og_url":"https:\/\/www.ghislainegarcin.fr\/en\/ghislaine-garcin-mentions-legales\/","og_site_name":"Ghislaine Garcin","article_publisher":"https:\/\/www.facebook.com\/ghislainegarcin.creationstextiles\/","article_modified_time":"2025-10-08T14:35:43+00:00","twitter_card":"summary_large_image","twitter_misc":{"Estimated reading time":"9 minutes"},"schema":{"@context":"https:\/\/schema.org","@graph":[{"@type":"WebPage","@id":"https:\/\/www.ghislainegarcin.fr\/ghislaine-garcin-mentions-legales\/","url":"https:\/\/www.ghislainegarcin.fr\/ghislaine-garcin-mentions-legales\/","name":"Ghislaine Garcin Maille & feutre - Mentions l\u00e9gales & Politique de Confidentialit\u00e9","isPartOf":{"@id":"https:\/\/www.ghislainegarcin.fr\/#website"},"datePublished":"2020-02-28T17:03:49+00:00","dateModified":"2025-10-08T14:35:43+00:00","description":"Mentions l\u00e9gales du site www.ghislainegarcin.fr","breadcrumb":{"@id":"https:\/\/www.ghislainegarcin.fr\/ghislaine-garcin-mentions-legales\/#breadcrumb"},"inLanguage":"en-GB","potentialAction":[{"@type":"ReadAction","target":["https:\/\/www.ghislainegarcin.fr\/ghislaine-garcin-mentions-legales\/"]}]},{"@type":"BreadcrumbList","@id":"https:\/\/www.ghislainegarcin.fr\/ghislaine-garcin-mentions-legales\/#breadcrumb","itemListElement":[{"@type":"ListItem","position":1,"name":"Accueil","item":"https:\/\/www.ghislainegarcin.fr\/"},{"@type":"ListItem","position":2,"name":"Mentions l\u00e9gales &#038; Politique de Confidentialit\u00e9"}]},{"@type":"WebSite","@id":"https:\/\/www.ghislainegarcin.fr\/#website","url":"https:\/\/www.ghislainegarcin.fr\/","name":"Ghislaine Garcin","description":"feutre art textile","publisher":{"@id":"https:\/\/www.ghislainegarcin.fr\/#organization"},"potentialAction":[{"@type":"SearchAction","target":{"@type":"EntryPoint","urlTemplate":"https:\/\/www.ghislainegarcin.fr\/?s={search_term_string}"},"query-input":{"@type":"PropertyValueSpecification","valueRequired":true,"valueName":"search_term_string"}}],"inLanguage":"en-GB"},{"@type":"Organization","@id":"https:\/\/www.ghislainegarcin.fr\/#organization","name":"Ghislaine Garcin","url":"https:\/\/www.ghislainegarcin.fr\/","logo":{"@type":"ImageObject","inLanguage":"en-GB","@id":"https:\/\/www.ghislainegarcin.fr\/#\/schema\/logo\/image\/","url":"https:\/\/www.ghislainegarcin.fr\/wp-content\/uploads\/2025\/10\/cropped-newlogofeutrearttextileBD.jpg","contentUrl":"https:\/\/www.ghislainegarcin.fr\/wp-content\/uploads\/2025\/10\/cropped-newlogofeutrearttextileBD.jpg","width":384,"height":108,"caption":"Ghislaine Garcin"},"image":{"@id":"https:\/\/www.ghislainegarcin.fr\/#\/schema\/logo\/image\/"},"sameAs":["https:\/\/www.facebook.com\/ghislainegarcin.creationstextiles\/","https:\/\/www.instagram.com\/ghislainegarcin\/","https:\/\/www.linkedin.com\/in\/ghislainegarcin\/"]}]}},"_links":{"self":[{"href":"https:\/\/www.ghislainegarcin.fr\/en\/wp-json\/wp\/v2\/pages\/884"}],"collection":[{"href":"https:\/\/www.ghislainegarcin.fr\/en\/wp-json\/wp\/v2\/pages"}],"about":[{"href":"https:\/\/www.ghislainegarcin.fr\/en\/wp-json\/wp\/v2\/types\/page"}],"author":[{"embeddable":true,"href":"https:\/\/www.ghislainegarcin.fr\/en\/wp-json\/wp\/v2\/users\/1"}],"replies":[{"embeddable":true,"href":"https:\/\/www.ghislainegarcin.fr\/en\/wp-json\/wp\/v2\/comments?post=884"}],"version-history":[{"count":8,"href":"https:\/\/www.ghislainegarcin.fr\/en\/wp-json\/wp\/v2\/pages\/884\/revisions"}],"predecessor-version":[{"id":1097,"href":"https:\/\/www.ghislainegarcin.fr\/en\/wp-json\/wp\/v2\/pages\/884\/revisions\/1097"}],"wp:attachment":[{"href":"https:\/\/www.ghislainegarcin.fr\/en\/wp-json\/wp\/v2\/media?parent=884"}],"curies":[{"name":"wp","href":"https:\/\/api.w.org\/{rel}","templated":true}]}}