{"id":1283,"date":"2022-01-31T15:57:35","date_gmt":"2022-01-31T14:57:35","guid":{"rendered":"https:\/\/www.ghislainegarcin.fr\/?post_type=product&#038;p=1283"},"modified":"2025-12-29T00:03:01","modified_gmt":"2025-12-28T23:03:01","slug":"coussin-feutre-plat-rectangulaire-feutre-teinture-vegetale","status":"publish","type":"product","link":"https:\/\/www.ghislainegarcin.fr\/en\/product\/coussin-feutre-plat-rectangulaire-feutre-teinture-vegetale\/","title":{"rendered":"Coussin plat en feutre, couleur v\u00e9g\u00e9tale"},"content":{"rendered":"<p>Entirely handmade production method (wet felt) in limited edition, respecting the environment.<br \/>\nFils et fibres 100% laine. Teinture v\u00e9g\u00e9tale naturelle.<br \/>\nThe cushion is filled with thermo-compressed wool made in the Massif Central.<br \/>\nFormes et dimensions : S 30&#215;40 cm.<br \/>\nPeut \u00eatre r\u00e9alis\u00e9 sur mesure.<\/p>","protected":false},"excerpt":{"rendered":"<p>Nos coussins sont garnis de laine thermo-compress\u00e9e. Leur assise ferme permet de les utiliser au sol ou en dossier.<br \/>\nLa teinture v\u00e9g\u00e9tale des fils (M\u00e9rinos d&rsquo;Arles) est r\u00e9alis\u00e9e dans un petit atelier du Luberon.<br \/>\nDimension 30&#215;40 cm, \u00e9paisseur 5 cm environ.<\/p>","protected":false},"featured_media":1292,"template":"","meta":[],"product_cat":[28],"product_tag":[],"yoast_head":"<!-- This site is optimized with the Yoast SEO plugin v23.5 - https:\/\/yoast.com\/wordpress\/plugins\/seo\/ -->\n<title>Coussin plat en feutre, couleur v\u00e9g\u00e9tale | Ghislaine Garcin<\/title>\n<meta name=\"description\" content=\"Coussins rectangulaires plats en feutre de laine et tricot, couleur v\u00e9g\u00e9tale, teinture naturelle artisanale. Ferme, garnissage laine.\" \/>\n<meta name=\"robots\" content=\"index, follow, max-snippet:-1, max-image-preview:large, max-video-preview:-1\" \/>\n<link rel=\"canonical\" href=\"https:\/\/www.ghislainegarcin.fr\/en\/product\/coussin-feutre-plat-rectangulaire-feutre-teinture-vegetale\/\" \/>\n<meta property=\"og:locale\" content=\"en_GB\" \/>\n<meta property=\"og:type\" content=\"article\" \/>\n<meta property=\"og:title\" content=\"Coussin plat en feutre, couleur v\u00e9g\u00e9tale | Ghislaine Garcin\" \/>\n<meta property=\"og:description\" content=\"Coussins rectangulaires plats en feutre de laine et tricot, couleur v\u00e9g\u00e9tale, teinture naturelle artisanale. Ferme, garnissage laine.\" \/>\n<meta property=\"og:url\" content=\"https:\/\/www.ghislainegarcin.fr\/en\/product\/coussin-feutre-plat-rectangulaire-feutre-teinture-vegetale\/\" \/>\n<meta property=\"og:site_name\" content=\"Ghislaine Garcin\" \/>\n<meta property=\"article:publisher\" content=\"https:\/\/www.facebook.com\/ghislainegarcin.creationstextiles\/\" \/>\n<meta property=\"article:modified_time\" content=\"2025-12-28T23:03:01+00:00\" \/>\n<meta property=\"og:image\" content=\"https:\/\/www.ghislainegarcin.fr\/wp-content\/uploads\/2022\/01\/Coussin-feutre-Groupe-IMG_1453.jpg\" \/>\n\t<meta property=\"og:image:width\" content=\"1300\" \/>\n\t<meta property=\"og:image:height\" content=\"1300\" \/>\n\t<meta property=\"og:image:type\" content=\"image\/jpeg\" \/>\n<meta name=\"twitter:card\" content=\"summary_large_image\" \/>\n<meta name=\"twitter:label1\" content=\"Estimated reading time\" \/>\n\t<meta name=\"twitter:data1\" content=\"1 minute\" \/>\n<script type=\"application\/ld+json\" class=\"yoast-schema-graph\">{\"@context\":\"https:\/\/schema.org\",\"@graph\":[{\"@type\":\"WebPage\",\"@id\":\"https:\/\/www.ghislainegarcin.fr\/produit\/coussin-feutre-plat-rectangulaire-feutre-teinture-vegetale\/\",\"url\":\"https:\/\/www.ghislainegarcin.fr\/produit\/coussin-feutre-plat-rectangulaire-feutre-teinture-vegetale\/\",\"name\":\"Coussin plat en feutre, couleur v\u00e9g\u00e9tale | Ghislaine Garcin\",\"isPartOf\":{\"@id\":\"https:\/\/www.ghislainegarcin.fr\/#website\"},\"primaryImageOfPage\":{\"@id\":\"https:\/\/www.ghislainegarcin.fr\/produit\/coussin-feutre-plat-rectangulaire-feutre-teinture-vegetale\/#primaryimage\"},\"image\":{\"@id\":\"https:\/\/www.ghislainegarcin.fr\/produit\/coussin-feutre-plat-rectangulaire-feutre-teinture-vegetale\/#primaryimage\"},\"thumbnailUrl\":\"https:\/\/www.ghislainegarcin.fr\/wp-content\/uploads\/2022\/01\/Coussin-feutre-Groupe-IMG_1453.jpg\",\"datePublished\":\"2022-01-31T14:57:35+00:00\",\"dateModified\":\"2025-12-28T23:03:01+00:00\",\"description\":\"Coussins rectangulaires plats en feutre de laine et tricot, couleur v\u00e9g\u00e9tale, teinture naturelle artisanale. Ferme, garnissage laine.\",\"breadcrumb\":{\"@id\":\"https:\/\/www.ghislainegarcin.fr\/produit\/coussin-feutre-plat-rectangulaire-feutre-teinture-vegetale\/#breadcrumb\"},\"inLanguage\":\"en-GB\",\"potentialAction\":[{\"@type\":\"ReadAction\",\"target\":[\"https:\/\/www.ghislainegarcin.fr\/produit\/coussin-feutre-plat-rectangulaire-feutre-teinture-vegetale\/\"]}]},{\"@type\":\"ImageObject\",\"inLanguage\":\"en-GB\",\"@id\":\"https:\/\/www.ghislainegarcin.fr\/produit\/coussin-feutre-plat-rectangulaire-feutre-teinture-vegetale\/#primaryimage\",\"url\":\"https:\/\/www.ghislainegarcin.fr\/wp-content\/uploads\/2022\/01\/Coussin-feutre-Groupe-IMG_1453.jpg\",\"contentUrl\":\"https:\/\/www.ghislainegarcin.fr\/wp-content\/uploads\/2022\/01\/Coussin-feutre-Groupe-IMG_1453.jpg\",\"width\":1300,\"height\":1300,\"caption\":\"coussin en feutre teint \u00e0 la main\"},{\"@type\":\"BreadcrumbList\",\"@id\":\"https:\/\/www.ghislainegarcin.fr\/produit\/coussin-feutre-plat-rectangulaire-feutre-teinture-vegetale\/#breadcrumb\",\"itemListElement\":[{\"@type\":\"ListItem\",\"position\":1,\"name\":\"Accueil\",\"item\":\"https:\/\/www.ghislainegarcin.fr\/\"},{\"@type\":\"ListItem\",\"position\":2,\"name\":\"Boutique\",\"item\":\"https:\/\/www.ghislainegarcin.fr\/boutique\/\"},{\"@type\":\"ListItem\",\"position\":3,\"name\":\"Coussin plat en feutre, couleur v\u00e9g\u00e9tale\"}]},{\"@type\":\"WebSite\",\"@id\":\"https:\/\/www.ghislainegarcin.fr\/#website\",\"url\":\"https:\/\/www.ghislainegarcin.fr\/\",\"name\":\"Ghislaine Garcin\",\"description\":\"feutre art textile\",\"publisher\":{\"@id\":\"https:\/\/www.ghislainegarcin.fr\/#organization\"},\"potentialAction\":[{\"@type\":\"SearchAction\",\"target\":{\"@type\":\"EntryPoint\",\"urlTemplate\":\"https:\/\/www.ghislainegarcin.fr\/?s={search_term_string}\"},\"query-input\":{\"@type\":\"PropertyValueSpecification\",\"valueRequired\":true,\"valueName\":\"search_term_string\"}}],\"inLanguage\":\"en-GB\"},{\"@type\":\"Organization\",\"@id\":\"https:\/\/www.ghislainegarcin.fr\/#organization\",\"name\":\"Ghislaine Garcin\",\"url\":\"https:\/\/www.ghislainegarcin.fr\/\",\"logo\":{\"@type\":\"ImageObject\",\"inLanguage\":\"en-GB\",\"@id\":\"https:\/\/www.ghislainegarcin.fr\/#\/schema\/logo\/image\/\",\"url\":\"https:\/\/www.ghislainegarcin.fr\/wp-content\/uploads\/2025\/10\/cropped-newlogofeutrearttextileBD.jpg\",\"contentUrl\":\"https:\/\/www.ghislainegarcin.fr\/wp-content\/uploads\/2025\/10\/cropped-newlogofeutrearttextileBD.jpg\",\"width\":384,\"height\":108,\"caption\":\"Ghislaine Garcin\"},\"image\":{\"@id\":\"https:\/\/www.ghislainegarcin.fr\/#\/schema\/logo\/image\/\"},\"sameAs\":[\"https:\/\/www.facebook.com\/ghislainegarcin.creationstextiles\/\",\"https:\/\/www.instagram.com\/ghislainegarcin\/\",\"https:\/\/www.linkedin.com\/in\/ghislainegarcin\/\"]}]}<\/script>\n<!-- \/ Yoast SEO plugin. -->","yoast_head_json":{"title":"Coussin plat en feutre, couleur v\u00e9g\u00e9tale | Ghislaine Garcin","description":"Coussins rectangulaires plats en feutre de laine et tricot, couleur v\u00e9g\u00e9tale, teinture naturelle artisanale. Ferme, garnissage laine.","robots":{"index":"index","follow":"follow","max-snippet":"max-snippet:-1","max-image-preview":"max-image-preview:large","max-video-preview":"max-video-preview:-1"},"canonical":"https:\/\/www.ghislainegarcin.fr\/en\/product\/coussin-feutre-plat-rectangulaire-feutre-teinture-vegetale\/","og_locale":"en_GB","og_type":"article","og_title":"Coussin plat en feutre, couleur v\u00e9g\u00e9tale | Ghislaine Garcin","og_description":"Coussins rectangulaires plats en feutre de laine et tricot, couleur v\u00e9g\u00e9tale, teinture naturelle artisanale. Ferme, garnissage laine.","og_url":"https:\/\/www.ghislainegarcin.fr\/en\/product\/coussin-feutre-plat-rectangulaire-feutre-teinture-vegetale\/","og_site_name":"Ghislaine Garcin","article_publisher":"https:\/\/www.facebook.com\/ghislainegarcin.creationstextiles\/","article_modified_time":"2025-12-28T23:03:01+00:00","og_image":[{"width":1300,"height":1300,"url":"https:\/\/www.ghislainegarcin.fr\/wp-content\/uploads\/2022\/01\/Coussin-feutre-Groupe-IMG_1453.jpg","type":"image\/jpeg"}],"twitter_card":"summary_large_image","twitter_misc":{"Estimated reading time":"1 minute"},"schema":{"@context":"https:\/\/schema.org","@graph":[{"@type":"WebPage","@id":"https:\/\/www.ghislainegarcin.fr\/produit\/coussin-feutre-plat-rectangulaire-feutre-teinture-vegetale\/","url":"https:\/\/www.ghislainegarcin.fr\/produit\/coussin-feutre-plat-rectangulaire-feutre-teinture-vegetale\/","name":"Coussin plat en feutre, couleur v\u00e9g\u00e9tale | Ghislaine Garcin","isPartOf":{"@id":"https:\/\/www.ghislainegarcin.fr\/#website"},"primaryImageOfPage":{"@id":"https:\/\/www.ghislainegarcin.fr\/produit\/coussin-feutre-plat-rectangulaire-feutre-teinture-vegetale\/#primaryimage"},"image":{"@id":"https:\/\/www.ghislainegarcin.fr\/produit\/coussin-feutre-plat-rectangulaire-feutre-teinture-vegetale\/#primaryimage"},"thumbnailUrl":"https:\/\/www.ghislainegarcin.fr\/wp-content\/uploads\/2022\/01\/Coussin-feutre-Groupe-IMG_1453.jpg","datePublished":"2022-01-31T14:57:35+00:00","dateModified":"2025-12-28T23:03:01+00:00","description":"Coussins rectangulaires plats en feutre de laine et tricot, couleur v\u00e9g\u00e9tale, teinture naturelle artisanale. Ferme, garnissage laine.","breadcrumb":{"@id":"https:\/\/www.ghislainegarcin.fr\/produit\/coussin-feutre-plat-rectangulaire-feutre-teinture-vegetale\/#breadcrumb"},"inLanguage":"en-GB","potentialAction":[{"@type":"ReadAction","target":["https:\/\/www.ghislainegarcin.fr\/produit\/coussin-feutre-plat-rectangulaire-feutre-teinture-vegetale\/"]}]},{"@type":"ImageObject","inLanguage":"en-GB","@id":"https:\/\/www.ghislainegarcin.fr\/produit\/coussin-feutre-plat-rectangulaire-feutre-teinture-vegetale\/#primaryimage","url":"https:\/\/www.ghislainegarcin.fr\/wp-content\/uploads\/2022\/01\/Coussin-feutre-Groupe-IMG_1453.jpg","contentUrl":"https:\/\/www.ghislainegarcin.fr\/wp-content\/uploads\/2022\/01\/Coussin-feutre-Groupe-IMG_1453.jpg","width":1300,"height":1300,"caption":"coussin en feutre teint \u00e0 la main"},{"@type":"BreadcrumbList","@id":"https:\/\/www.ghislainegarcin.fr\/produit\/coussin-feutre-plat-rectangulaire-feutre-teinture-vegetale\/#breadcrumb","itemListElement":[{"@type":"ListItem","position":1,"name":"Accueil","item":"https:\/\/www.ghislainegarcin.fr\/"},{"@type":"ListItem","position":2,"name":"Boutique","item":"https:\/\/www.ghislainegarcin.fr\/boutique\/"},{"@type":"ListItem","position":3,"name":"Coussin plat en feutre, couleur v\u00e9g\u00e9tale"}]},{"@type":"WebSite","@id":"https:\/\/www.ghislainegarcin.fr\/#website","url":"https:\/\/www.ghislainegarcin.fr\/","name":"Ghislaine Garcin","description":"feutre art textile","publisher":{"@id":"https:\/\/www.ghislainegarcin.fr\/#organization"},"potentialAction":[{"@type":"SearchAction","target":{"@type":"EntryPoint","urlTemplate":"https:\/\/www.ghislainegarcin.fr\/?s={search_term_string}"},"query-input":{"@type":"PropertyValueSpecification","valueRequired":true,"valueName":"search_term_string"}}],"inLanguage":"en-GB"},{"@type":"Organization","@id":"https:\/\/www.ghislainegarcin.fr\/#organization","name":"Ghislaine Garcin","url":"https:\/\/www.ghislainegarcin.fr\/","logo":{"@type":"ImageObject","inLanguage":"en-GB","@id":"https:\/\/www.ghislainegarcin.fr\/#\/schema\/logo\/image\/","url":"https:\/\/www.ghislainegarcin.fr\/wp-content\/uploads\/2025\/10\/cropped-newlogofeutrearttextileBD.jpg","contentUrl":"https:\/\/www.ghislainegarcin.fr\/wp-content\/uploads\/2025\/10\/cropped-newlogofeutrearttextileBD.jpg","width":384,"height":108,"caption":"Ghislaine Garcin"},"image":{"@id":"https:\/\/www.ghislainegarcin.fr\/#\/schema\/logo\/image\/"},"sameAs":["https:\/\/www.facebook.com\/ghislainegarcin.creationstextiles\/","https:\/\/www.instagram.com\/ghislainegarcin\/","https:\/\/www.linkedin.com\/in\/ghislainegarcin\/"]}]}},"_links":{"self":[{"href":"https:\/\/www.ghislainegarcin.fr\/en\/wp-json\/wp\/v2\/product\/1283"}],"collection":[{"href":"https:\/\/www.ghislainegarcin.fr\/en\/wp-json\/wp\/v2\/product"}],"about":[{"href":"https:\/\/www.ghislainegarcin.fr\/en\/wp-json\/wp\/v2\/types\/product"}],"wp:featuredmedia":[{"embeddable":true,"href":"https:\/\/www.ghislainegarcin.fr\/en\/wp-json\/wp\/v2\/media\/1292"}],"wp:attachment":[{"href":"https:\/\/www.ghislainegarcin.fr\/en\/wp-json\/wp\/v2\/media?parent=1283"}],"wp:term":[{"taxonomy":"product_cat","embeddable":true,"href":"https:\/\/www.ghislainegarcin.fr\/en\/wp-json\/wp\/v2\/product_cat?post=1283"},{"taxonomy":"product_tag","embeddable":true,"href":"https:\/\/www.ghislainegarcin.fr\/en\/wp-json\/wp\/v2\/product_tag?post=1283"}],"curies":[{"name":"wp","href":"https:\/\/api.w.org\/{rel}","templated":true}]}}