{"id":3558,"date":"2022-11-18T17:04:30","date_gmt":"2022-11-18T16:04:30","guid":{"rendered":"https:\/\/www.ghislainegarcin.fr\/?post_type=product&#038;p=3558"},"modified":"2026-01-21T00:38:33","modified_gmt":"2026-01-20T23:38:33","slug":"balancoire-interieur-feutre-laine","status":"publish","type":"product","link":"https:\/\/www.ghislainegarcin.fr\/en\/product\/balancoire-interieur-feutre-laine\/","title":{"rendered":"Balan\u00e7oire d&rsquo;int\u00e9rieur en feutre"},"content":{"rendered":"<p>Handmade wool felt.<br \/>\nDimensions : 67&#215;30 cm (environ). Hauteur cordes : 2,50 m.<br \/>\nSupporte une charge de 160 kg.<br \/>\nGarnissage assise bois et mousse compress\u00e9e.<br \/>\nPeut \u00eatre r\u00e9alis\u00e9e en diff\u00e9rents coloris.<\/p>","protected":false},"excerpt":{"rendered":"<p>Balan\u00e7oire d&rsquo;int\u00e9rieur en feutre de laine fait-main. Chaleureuse et ludique, elle fait aussi office de si\u00e8ge d&rsquo;appoint.<\/p>","protected":false},"featured_media":3568,"template":"","meta":[],"product_cat":[27],"product_tag":[],"yoast_head":"<!-- This site is optimized with the Yoast SEO plugin v23.5 - https:\/\/yoast.com\/wordpress\/plugins\/seo\/ -->\n<title>Balan\u00e7oire d&#039;int\u00e9rieur en feutre | Ghislaine Garcin<\/title>\n<meta name=\"description\" content=\"Balan\u00e7oire d&#039;int\u00e9rieur en feutre de laine fait-main. Chaleureuse et ludique, elle fait aussi office de si\u00e8ge d&#039;appoint. Diff\u00e9rents coloris.\" \/>\n<meta name=\"robots\" content=\"index, follow, max-snippet:-1, max-image-preview:large, max-video-preview:-1\" \/>\n<link rel=\"canonical\" href=\"https:\/\/www.ghislainegarcin.fr\/en\/product\/balancoire-interieur-feutre-laine\/\" \/>\n<meta property=\"og:locale\" content=\"en_GB\" \/>\n<meta property=\"og:type\" content=\"article\" \/>\n<meta property=\"og:title\" content=\"Balan\u00e7oire d&#039;int\u00e9rieur en feutre | Ghislaine Garcin\" \/>\n<meta property=\"og:description\" content=\"Balan\u00e7oire d&#039;int\u00e9rieur en feutre de laine fait-main. Chaleureuse et ludique, elle fait aussi office de si\u00e8ge d&#039;appoint. Diff\u00e9rents coloris.\" \/>\n<meta property=\"og:url\" content=\"https:\/\/www.ghislainegarcin.fr\/en\/product\/balancoire-interieur-feutre-laine\/\" \/>\n<meta property=\"og:site_name\" content=\"Ghislaine Garcin\" \/>\n<meta property=\"article:publisher\" content=\"https:\/\/www.facebook.com\/ghislainegarcin.creationstextiles\/\" \/>\n<meta property=\"article:modified_time\" content=\"2026-01-20T23:38:33+00:00\" \/>\n<meta property=\"og:image\" content=\"https:\/\/www.ghislainegarcin.fr\/wp-content\/uploads\/2022\/11\/balancoire-feutre-ocre-greige-laure.jpg\" \/>\n\t<meta property=\"og:image:width\" content=\"1300\" \/>\n\t<meta property=\"og:image:height\" content=\"1300\" \/>\n\t<meta property=\"og:image:type\" content=\"image\/jpeg\" \/>\n<meta name=\"twitter:card\" content=\"summary_large_image\" \/>\n<meta name=\"twitter:label1\" content=\"Estimated reading time\" \/>\n\t<meta name=\"twitter:data1\" content=\"1 minute\" \/>\n<script type=\"application\/ld+json\" class=\"yoast-schema-graph\">{\"@context\":\"https:\/\/schema.org\",\"@graph\":[{\"@type\":\"WebPage\",\"@id\":\"https:\/\/www.ghislainegarcin.fr\/produit\/balancoire-interieur-feutre-laine\/\",\"url\":\"https:\/\/www.ghislainegarcin.fr\/produit\/balancoire-interieur-feutre-laine\/\",\"name\":\"Balan\u00e7oire d'int\u00e9rieur en feutre | Ghislaine Garcin\",\"isPartOf\":{\"@id\":\"https:\/\/www.ghislainegarcin.fr\/#website\"},\"primaryImageOfPage\":{\"@id\":\"https:\/\/www.ghislainegarcin.fr\/produit\/balancoire-interieur-feutre-laine\/#primaryimage\"},\"image\":{\"@id\":\"https:\/\/www.ghislainegarcin.fr\/produit\/balancoire-interieur-feutre-laine\/#primaryimage\"},\"thumbnailUrl\":\"https:\/\/www.ghislainegarcin.fr\/wp-content\/uploads\/2022\/11\/balancoire-feutre-ocre-greige-laure.jpg\",\"datePublished\":\"2022-11-18T16:04:30+00:00\",\"dateModified\":\"2026-01-20T23:38:33+00:00\",\"description\":\"Balan\u00e7oire d'int\u00e9rieur en feutre de laine fait-main. Chaleureuse et ludique, elle fait aussi office de si\u00e8ge d'appoint. Diff\u00e9rents coloris.\",\"breadcrumb\":{\"@id\":\"https:\/\/www.ghislainegarcin.fr\/produit\/balancoire-interieur-feutre-laine\/#breadcrumb\"},\"inLanguage\":\"en-GB\",\"potentialAction\":[{\"@type\":\"ReadAction\",\"target\":[\"https:\/\/www.ghislainegarcin.fr\/produit\/balancoire-interieur-feutre-laine\/\"]}]},{\"@type\":\"ImageObject\",\"inLanguage\":\"en-GB\",\"@id\":\"https:\/\/www.ghislainegarcin.fr\/produit\/balancoire-interieur-feutre-laine\/#primaryimage\",\"url\":\"https:\/\/www.ghislainegarcin.fr\/wp-content\/uploads\/2022\/11\/balancoire-feutre-ocre-greige-laure.jpg\",\"contentUrl\":\"https:\/\/www.ghislainegarcin.fr\/wp-content\/uploads\/2022\/11\/balancoire-feutre-ocre-greige-laure.jpg\",\"width\":1300,\"height\":1300,\"caption\":\"Balan\u00e7oire d'interieur en feutre de laine\"},{\"@type\":\"BreadcrumbList\",\"@id\":\"https:\/\/www.ghislainegarcin.fr\/produit\/balancoire-interieur-feutre-laine\/#breadcrumb\",\"itemListElement\":[{\"@type\":\"ListItem\",\"position\":1,\"name\":\"Accueil\",\"item\":\"https:\/\/www.ghislainegarcin.fr\/\"},{\"@type\":\"ListItem\",\"position\":2,\"name\":\"Boutique\",\"item\":\"https:\/\/www.ghislainegarcin.fr\/boutique\/\"},{\"@type\":\"ListItem\",\"position\":3,\"name\":\"Balan\u00e7oire d&rsquo;int\u00e9rieur en feutre\"}]},{\"@type\":\"WebSite\",\"@id\":\"https:\/\/www.ghislainegarcin.fr\/#website\",\"url\":\"https:\/\/www.ghislainegarcin.fr\/\",\"name\":\"Ghislaine Garcin\",\"description\":\"feutre art textile\",\"publisher\":{\"@id\":\"https:\/\/www.ghislainegarcin.fr\/#organization\"},\"potentialAction\":[{\"@type\":\"SearchAction\",\"target\":{\"@type\":\"EntryPoint\",\"urlTemplate\":\"https:\/\/www.ghislainegarcin.fr\/?s={search_term_string}\"},\"query-input\":{\"@type\":\"PropertyValueSpecification\",\"valueRequired\":true,\"valueName\":\"search_term_string\"}}],\"inLanguage\":\"en-GB\"},{\"@type\":\"Organization\",\"@id\":\"https:\/\/www.ghislainegarcin.fr\/#organization\",\"name\":\"Ghislaine Garcin\",\"url\":\"https:\/\/www.ghislainegarcin.fr\/\",\"logo\":{\"@type\":\"ImageObject\",\"inLanguage\":\"en-GB\",\"@id\":\"https:\/\/www.ghislainegarcin.fr\/#\/schema\/logo\/image\/\",\"url\":\"https:\/\/www.ghislainegarcin.fr\/wp-content\/uploads\/2025\/10\/cropped-newlogofeutrearttextileBD.jpg\",\"contentUrl\":\"https:\/\/www.ghislainegarcin.fr\/wp-content\/uploads\/2025\/10\/cropped-newlogofeutrearttextileBD.jpg\",\"width\":384,\"height\":108,\"caption\":\"Ghislaine Garcin\"},\"image\":{\"@id\":\"https:\/\/www.ghislainegarcin.fr\/#\/schema\/logo\/image\/\"},\"sameAs\":[\"https:\/\/www.facebook.com\/ghislainegarcin.creationstextiles\/\",\"https:\/\/www.instagram.com\/ghislainegarcin\/\",\"https:\/\/www.linkedin.com\/in\/ghislainegarcin\/\"]}]}<\/script>\n<!-- \/ Yoast SEO plugin. -->","yoast_head_json":{"title":"Balan\u00e7oire d'int\u00e9rieur en feutre | Ghislaine Garcin","description":"Balan\u00e7oire d'int\u00e9rieur en feutre de laine fait-main. Chaleureuse et ludique, elle fait aussi office de si\u00e8ge d'appoint. Diff\u00e9rents coloris.","robots":{"index":"index","follow":"follow","max-snippet":"max-snippet:-1","max-image-preview":"max-image-preview:large","max-video-preview":"max-video-preview:-1"},"canonical":"https:\/\/www.ghislainegarcin.fr\/en\/product\/balancoire-interieur-feutre-laine\/","og_locale":"en_GB","og_type":"article","og_title":"Balan\u00e7oire d'int\u00e9rieur en feutre | Ghislaine Garcin","og_description":"Balan\u00e7oire d'int\u00e9rieur en feutre de laine fait-main. Chaleureuse et ludique, elle fait aussi office de si\u00e8ge d'appoint. Diff\u00e9rents coloris.","og_url":"https:\/\/www.ghislainegarcin.fr\/en\/product\/balancoire-interieur-feutre-laine\/","og_site_name":"Ghislaine Garcin","article_publisher":"https:\/\/www.facebook.com\/ghislainegarcin.creationstextiles\/","article_modified_time":"2026-01-20T23:38:33+00:00","og_image":[{"width":1300,"height":1300,"url":"https:\/\/www.ghislainegarcin.fr\/wp-content\/uploads\/2022\/11\/balancoire-feutre-ocre-greige-laure.jpg","type":"image\/jpeg"}],"twitter_card":"summary_large_image","twitter_misc":{"Estimated reading time":"1 minute"},"schema":{"@context":"https:\/\/schema.org","@graph":[{"@type":"WebPage","@id":"https:\/\/www.ghislainegarcin.fr\/produit\/balancoire-interieur-feutre-laine\/","url":"https:\/\/www.ghislainegarcin.fr\/produit\/balancoire-interieur-feutre-laine\/","name":"Balan\u00e7oire d'int\u00e9rieur en feutre | Ghislaine Garcin","isPartOf":{"@id":"https:\/\/www.ghislainegarcin.fr\/#website"},"primaryImageOfPage":{"@id":"https:\/\/www.ghislainegarcin.fr\/produit\/balancoire-interieur-feutre-laine\/#primaryimage"},"image":{"@id":"https:\/\/www.ghislainegarcin.fr\/produit\/balancoire-interieur-feutre-laine\/#primaryimage"},"thumbnailUrl":"https:\/\/www.ghislainegarcin.fr\/wp-content\/uploads\/2022\/11\/balancoire-feutre-ocre-greige-laure.jpg","datePublished":"2022-11-18T16:04:30+00:00","dateModified":"2026-01-20T23:38:33+00:00","description":"Balan\u00e7oire d'int\u00e9rieur en feutre de laine fait-main. Chaleureuse et ludique, elle fait aussi office de si\u00e8ge d'appoint. Diff\u00e9rents coloris.","breadcrumb":{"@id":"https:\/\/www.ghislainegarcin.fr\/produit\/balancoire-interieur-feutre-laine\/#breadcrumb"},"inLanguage":"en-GB","potentialAction":[{"@type":"ReadAction","target":["https:\/\/www.ghislainegarcin.fr\/produit\/balancoire-interieur-feutre-laine\/"]}]},{"@type":"ImageObject","inLanguage":"en-GB","@id":"https:\/\/www.ghislainegarcin.fr\/produit\/balancoire-interieur-feutre-laine\/#primaryimage","url":"https:\/\/www.ghislainegarcin.fr\/wp-content\/uploads\/2022\/11\/balancoire-feutre-ocre-greige-laure.jpg","contentUrl":"https:\/\/www.ghislainegarcin.fr\/wp-content\/uploads\/2022\/11\/balancoire-feutre-ocre-greige-laure.jpg","width":1300,"height":1300,"caption":"Balan\u00e7oire d'interieur en feutre de laine"},{"@type":"BreadcrumbList","@id":"https:\/\/www.ghislainegarcin.fr\/produit\/balancoire-interieur-feutre-laine\/#breadcrumb","itemListElement":[{"@type":"ListItem","position":1,"name":"Accueil","item":"https:\/\/www.ghislainegarcin.fr\/"},{"@type":"ListItem","position":2,"name":"Boutique","item":"https:\/\/www.ghislainegarcin.fr\/boutique\/"},{"@type":"ListItem","position":3,"name":"Balan\u00e7oire d&rsquo;int\u00e9rieur en feutre"}]},{"@type":"WebSite","@id":"https:\/\/www.ghislainegarcin.fr\/#website","url":"https:\/\/www.ghislainegarcin.fr\/","name":"Ghislaine Garcin","description":"feutre art textile","publisher":{"@id":"https:\/\/www.ghislainegarcin.fr\/#organization"},"potentialAction":[{"@type":"SearchAction","target":{"@type":"EntryPoint","urlTemplate":"https:\/\/www.ghislainegarcin.fr\/?s={search_term_string}"},"query-input":{"@type":"PropertyValueSpecification","valueRequired":true,"valueName":"search_term_string"}}],"inLanguage":"en-GB"},{"@type":"Organization","@id":"https:\/\/www.ghislainegarcin.fr\/#organization","name":"Ghislaine Garcin","url":"https:\/\/www.ghislainegarcin.fr\/","logo":{"@type":"ImageObject","inLanguage":"en-GB","@id":"https:\/\/www.ghislainegarcin.fr\/#\/schema\/logo\/image\/","url":"https:\/\/www.ghislainegarcin.fr\/wp-content\/uploads\/2025\/10\/cropped-newlogofeutrearttextileBD.jpg","contentUrl":"https:\/\/www.ghislainegarcin.fr\/wp-content\/uploads\/2025\/10\/cropped-newlogofeutrearttextileBD.jpg","width":384,"height":108,"caption":"Ghislaine Garcin"},"image":{"@id":"https:\/\/www.ghislainegarcin.fr\/#\/schema\/logo\/image\/"},"sameAs":["https:\/\/www.facebook.com\/ghislainegarcin.creationstextiles\/","https:\/\/www.instagram.com\/ghislainegarcin\/","https:\/\/www.linkedin.com\/in\/ghislainegarcin\/"]}]}},"_links":{"self":[{"href":"https:\/\/www.ghislainegarcin.fr\/en\/wp-json\/wp\/v2\/product\/3558"}],"collection":[{"href":"https:\/\/www.ghislainegarcin.fr\/en\/wp-json\/wp\/v2\/product"}],"about":[{"href":"https:\/\/www.ghislainegarcin.fr\/en\/wp-json\/wp\/v2\/types\/product"}],"wp:featuredmedia":[{"embeddable":true,"href":"https:\/\/www.ghislainegarcin.fr\/en\/wp-json\/wp\/v2\/media\/3568"}],"wp:attachment":[{"href":"https:\/\/www.ghislainegarcin.fr\/en\/wp-json\/wp\/v2\/media?parent=3558"}],"wp:term":[{"taxonomy":"product_cat","embeddable":true,"href":"https:\/\/www.ghislainegarcin.fr\/en\/wp-json\/wp\/v2\/product_cat?post=3558"},{"taxonomy":"product_tag","embeddable":true,"href":"https:\/\/www.ghislainegarcin.fr\/en\/wp-json\/wp\/v2\/product_tag?post=3558"}],"curies":[{"name":"wp","href":"https:\/\/api.w.org\/{rel}","templated":true}]}}