{"id":4104,"date":"2023-10-20T10:36:54","date_gmt":"2023-10-20T08:36:54","guid":{"rendered":"https:\/\/www.ghislainegarcin.fr\/?post_type=product&#038;p=4104"},"modified":"2025-12-29T00:02:58","modified_gmt":"2025-12-28T23:02:58","slug":"coussin-de-sol-feutre-laine-forme-haricot-terracotta","status":"publish","type":"product","link":"https:\/\/www.ghislainegarcin.fr\/en\/product\/coussin-de-sol-feutre-laine-forme-haricot-terracotta\/","title":{"rendered":"Grand coussin de sol Haricot"},"content":{"rendered":"<p>Entirely handmade production method (wet felt) in limited edition, respecting the environment.<br \/>\n100% wool yarns and fibres.<br \/>\nGarnissage du coussin : laine de rembourrage et balle d&rsquo;\u00e9peautre.<br \/>\nFormes et dimensions : XXL 90&#215;60 cm, hauteur 25 cm.<br \/>\nNon d\u00e9houssable. Pi\u00e8ce unique.<\/p>\n<h3>Un feutre textur\u00e9 et unique en raison de la pr\u00e9sence de la maille<\/h3>\n<p>Nos objets d\u00e9co faits main, combinent deux techniques, le tricot et la laine feutr\u00e9e. Feutrage ensemble et en m\u00eame temps de fibres de laine brutes et de fils tricot\u00e9s.<\/p>\n<h3>Fabrication artisanale<\/h3>\n<p>Le mode de production, enti\u00e8rement artisanal en \u00e9dition limit\u00e9e, et les mati\u00e8res utilis\u00e9es respectent l&rsquo;environnement. La laine prot\u00e8ge nos int\u00e9rieurs comme notre environnement par ses propri\u00e9t\u00e9s naturelles et son caract\u00e8re durable.<\/p>\n<h3>R\u00e9alisation sur mesure<\/h3>\n<p>Certaines pi\u00e8ces peuvent \u00eatre r\u00e9alis\u00e9es sur mesure en diff\u00e9rents coloris, formats et type de garnissage afin de s&rsquo;adapter \u00e0 vos envies.<\/p>","protected":false},"excerpt":{"rendered":"<p>Grand coussin Haricot en feutre de laine, coloris Terracotta. Pi\u00e8ce unique qui fait partie de la collection Le temps du R\u00eave.<\/p>","protected":false},"featured_media":4113,"template":"","meta":[],"product_cat":[28],"product_tag":[],"yoast_head":"<!-- This site is optimized with the Yoast SEO plugin v23.5 - https:\/\/yoast.com\/wordpress\/plugins\/seo\/ -->\n<title>Grand coussin de sol Haricot | Ghislaine Garcin<\/title>\n<meta name=\"description\" content=\"Grand coussin de sol Haricot en feutre de laine et tricot. Garnissage laine de rembourrage et balle d&#039;\u00e9peautre, assise semi-ferme. Coloris Terracotta.\" \/>\n<meta name=\"robots\" content=\"index, follow, max-snippet:-1, max-image-preview:large, max-video-preview:-1\" \/>\n<link rel=\"canonical\" href=\"https:\/\/www.ghislainegarcin.fr\/en\/product\/coussin-de-sol-feutre-laine-forme-haricot-terracotta\/\" \/>\n<meta property=\"og:locale\" content=\"en_GB\" \/>\n<meta property=\"og:type\" content=\"article\" \/>\n<meta property=\"og:title\" content=\"Grand coussin de sol Haricot | Ghislaine Garcin\" \/>\n<meta property=\"og:description\" content=\"Grand coussin de sol Haricot en feutre de laine et tricot. Garnissage laine de rembourrage et balle d&#039;\u00e9peautre, assise semi-ferme. Coloris Terracotta.\" \/>\n<meta property=\"og:url\" content=\"https:\/\/www.ghislainegarcin.fr\/en\/product\/coussin-de-sol-feutre-laine-forme-haricot-terracotta\/\" \/>\n<meta property=\"og:site_name\" content=\"Ghislaine Garcin\" \/>\n<meta property=\"article:publisher\" content=\"https:\/\/www.facebook.com\/ghislainegarcin.creationstextiles\/\" \/>\n<meta property=\"article:modified_time\" content=\"2025-12-28T23:02:58+00:00\" \/>\n<meta property=\"og:image\" content=\"https:\/\/www.ghislainegarcin.fr\/wp-content\/uploads\/2023\/10\/GrandCoussinHaricotFeutre9928carre.jpg\" \/>\n\t<meta property=\"og:image:width\" content=\"1300\" \/>\n\t<meta property=\"og:image:height\" content=\"1300\" \/>\n\t<meta property=\"og:image:type\" content=\"image\/jpeg\" \/>\n<meta name=\"twitter:card\" content=\"summary_large_image\" \/>\n<meta name=\"twitter:label1\" content=\"Estimated reading time\" \/>\n\t<meta name=\"twitter:data1\" content=\"1 minute\" \/>\n<script type=\"application\/ld+json\" class=\"yoast-schema-graph\">{\"@context\":\"https:\/\/schema.org\",\"@graph\":[{\"@type\":\"WebPage\",\"@id\":\"https:\/\/www.ghislainegarcin.fr\/produit\/coussin-de-sol-feutre-laine-forme-haricot-terracotta\/\",\"url\":\"https:\/\/www.ghislainegarcin.fr\/produit\/coussin-de-sol-feutre-laine-forme-haricot-terracotta\/\",\"name\":\"Grand coussin de sol Haricot | Ghislaine Garcin\",\"isPartOf\":{\"@id\":\"https:\/\/www.ghislainegarcin.fr\/#website\"},\"primaryImageOfPage\":{\"@id\":\"https:\/\/www.ghislainegarcin.fr\/produit\/coussin-de-sol-feutre-laine-forme-haricot-terracotta\/#primaryimage\"},\"image\":{\"@id\":\"https:\/\/www.ghislainegarcin.fr\/produit\/coussin-de-sol-feutre-laine-forme-haricot-terracotta\/#primaryimage\"},\"thumbnailUrl\":\"https:\/\/www.ghislainegarcin.fr\/wp-content\/uploads\/2023\/10\/GrandCoussinHaricotFeutre9928carre.jpg\",\"datePublished\":\"2023-10-20T08:36:54+00:00\",\"dateModified\":\"2025-12-28T23:02:58+00:00\",\"description\":\"Grand coussin de sol Haricot en feutre de laine et tricot. Garnissage laine de rembourrage et balle d'\u00e9peautre, assise semi-ferme. Coloris Terracotta.\",\"breadcrumb\":{\"@id\":\"https:\/\/www.ghislainegarcin.fr\/produit\/coussin-de-sol-feutre-laine-forme-haricot-terracotta\/#breadcrumb\"},\"inLanguage\":\"en-GB\",\"potentialAction\":[{\"@type\":\"ReadAction\",\"target\":[\"https:\/\/www.ghislainegarcin.fr\/produit\/coussin-de-sol-feutre-laine-forme-haricot-terracotta\/\"]}]},{\"@type\":\"ImageObject\",\"inLanguage\":\"en-GB\",\"@id\":\"https:\/\/www.ghislainegarcin.fr\/produit\/coussin-de-sol-feutre-laine-forme-haricot-terracotta\/#primaryimage\",\"url\":\"https:\/\/www.ghislainegarcin.fr\/wp-content\/uploads\/2023\/10\/GrandCoussinHaricotFeutre9928carre.jpg\",\"contentUrl\":\"https:\/\/www.ghislainegarcin.fr\/wp-content\/uploads\/2023\/10\/GrandCoussinHaricotFeutre9928carre.jpg\",\"width\":1300,\"height\":1300},{\"@type\":\"BreadcrumbList\",\"@id\":\"https:\/\/www.ghislainegarcin.fr\/produit\/coussin-de-sol-feutre-laine-forme-haricot-terracotta\/#breadcrumb\",\"itemListElement\":[{\"@type\":\"ListItem\",\"position\":1,\"name\":\"Accueil\",\"item\":\"https:\/\/www.ghislainegarcin.fr\/\"},{\"@type\":\"ListItem\",\"position\":2,\"name\":\"Boutique\",\"item\":\"https:\/\/www.ghislainegarcin.fr\/boutique\/\"},{\"@type\":\"ListItem\",\"position\":3,\"name\":\"Grand coussin de sol Haricot\"}]},{\"@type\":\"WebSite\",\"@id\":\"https:\/\/www.ghislainegarcin.fr\/#website\",\"url\":\"https:\/\/www.ghislainegarcin.fr\/\",\"name\":\"Ghislaine Garcin\",\"description\":\"feutre art textile\",\"publisher\":{\"@id\":\"https:\/\/www.ghislainegarcin.fr\/#organization\"},\"potentialAction\":[{\"@type\":\"SearchAction\",\"target\":{\"@type\":\"EntryPoint\",\"urlTemplate\":\"https:\/\/www.ghislainegarcin.fr\/?s={search_term_string}\"},\"query-input\":{\"@type\":\"PropertyValueSpecification\",\"valueRequired\":true,\"valueName\":\"search_term_string\"}}],\"inLanguage\":\"en-GB\"},{\"@type\":\"Organization\",\"@id\":\"https:\/\/www.ghislainegarcin.fr\/#organization\",\"name\":\"Ghislaine Garcin\",\"url\":\"https:\/\/www.ghislainegarcin.fr\/\",\"logo\":{\"@type\":\"ImageObject\",\"inLanguage\":\"en-GB\",\"@id\":\"https:\/\/www.ghislainegarcin.fr\/#\/schema\/logo\/image\/\",\"url\":\"https:\/\/www.ghislainegarcin.fr\/wp-content\/uploads\/2025\/10\/cropped-newlogofeutrearttextileBD.jpg\",\"contentUrl\":\"https:\/\/www.ghislainegarcin.fr\/wp-content\/uploads\/2025\/10\/cropped-newlogofeutrearttextileBD.jpg\",\"width\":384,\"height\":108,\"caption\":\"Ghislaine Garcin\"},\"image\":{\"@id\":\"https:\/\/www.ghislainegarcin.fr\/#\/schema\/logo\/image\/\"},\"sameAs\":[\"https:\/\/www.facebook.com\/ghislainegarcin.creationstextiles\/\",\"https:\/\/www.instagram.com\/ghislainegarcin\/\",\"https:\/\/www.linkedin.com\/in\/ghislainegarcin\/\"]}]}<\/script>\n<!-- \/ Yoast SEO plugin. -->","yoast_head_json":{"title":"Grand coussin de sol Haricot | Ghislaine Garcin","description":"Grand coussin de sol Haricot en feutre de laine et tricot. Garnissage laine de rembourrage et balle d'\u00e9peautre, assise semi-ferme. Coloris Terracotta.","robots":{"index":"index","follow":"follow","max-snippet":"max-snippet:-1","max-image-preview":"max-image-preview:large","max-video-preview":"max-video-preview:-1"},"canonical":"https:\/\/www.ghislainegarcin.fr\/en\/product\/coussin-de-sol-feutre-laine-forme-haricot-terracotta\/","og_locale":"en_GB","og_type":"article","og_title":"Grand coussin de sol Haricot | Ghislaine Garcin","og_description":"Grand coussin de sol Haricot en feutre de laine et tricot. Garnissage laine de rembourrage et balle d'\u00e9peautre, assise semi-ferme. Coloris Terracotta.","og_url":"https:\/\/www.ghislainegarcin.fr\/en\/product\/coussin-de-sol-feutre-laine-forme-haricot-terracotta\/","og_site_name":"Ghislaine Garcin","article_publisher":"https:\/\/www.facebook.com\/ghislainegarcin.creationstextiles\/","article_modified_time":"2025-12-28T23:02:58+00:00","og_image":[{"width":1300,"height":1300,"url":"https:\/\/www.ghislainegarcin.fr\/wp-content\/uploads\/2023\/10\/GrandCoussinHaricotFeutre9928carre.jpg","type":"image\/jpeg"}],"twitter_card":"summary_large_image","twitter_misc":{"Estimated reading time":"1 minute"},"schema":{"@context":"https:\/\/schema.org","@graph":[{"@type":"WebPage","@id":"https:\/\/www.ghislainegarcin.fr\/produit\/coussin-de-sol-feutre-laine-forme-haricot-terracotta\/","url":"https:\/\/www.ghislainegarcin.fr\/produit\/coussin-de-sol-feutre-laine-forme-haricot-terracotta\/","name":"Grand coussin de sol Haricot | Ghislaine Garcin","isPartOf":{"@id":"https:\/\/www.ghislainegarcin.fr\/#website"},"primaryImageOfPage":{"@id":"https:\/\/www.ghislainegarcin.fr\/produit\/coussin-de-sol-feutre-laine-forme-haricot-terracotta\/#primaryimage"},"image":{"@id":"https:\/\/www.ghislainegarcin.fr\/produit\/coussin-de-sol-feutre-laine-forme-haricot-terracotta\/#primaryimage"},"thumbnailUrl":"https:\/\/www.ghislainegarcin.fr\/wp-content\/uploads\/2023\/10\/GrandCoussinHaricotFeutre9928carre.jpg","datePublished":"2023-10-20T08:36:54+00:00","dateModified":"2025-12-28T23:02:58+00:00","description":"Grand coussin de sol Haricot en feutre de laine et tricot. Garnissage laine de rembourrage et balle d'\u00e9peautre, assise semi-ferme. Coloris Terracotta.","breadcrumb":{"@id":"https:\/\/www.ghislainegarcin.fr\/produit\/coussin-de-sol-feutre-laine-forme-haricot-terracotta\/#breadcrumb"},"inLanguage":"en-GB","potentialAction":[{"@type":"ReadAction","target":["https:\/\/www.ghislainegarcin.fr\/produit\/coussin-de-sol-feutre-laine-forme-haricot-terracotta\/"]}]},{"@type":"ImageObject","inLanguage":"en-GB","@id":"https:\/\/www.ghislainegarcin.fr\/produit\/coussin-de-sol-feutre-laine-forme-haricot-terracotta\/#primaryimage","url":"https:\/\/www.ghislainegarcin.fr\/wp-content\/uploads\/2023\/10\/GrandCoussinHaricotFeutre9928carre.jpg","contentUrl":"https:\/\/www.ghislainegarcin.fr\/wp-content\/uploads\/2023\/10\/GrandCoussinHaricotFeutre9928carre.jpg","width":1300,"height":1300},{"@type":"BreadcrumbList","@id":"https:\/\/www.ghislainegarcin.fr\/produit\/coussin-de-sol-feutre-laine-forme-haricot-terracotta\/#breadcrumb","itemListElement":[{"@type":"ListItem","position":1,"name":"Accueil","item":"https:\/\/www.ghislainegarcin.fr\/"},{"@type":"ListItem","position":2,"name":"Boutique","item":"https:\/\/www.ghislainegarcin.fr\/boutique\/"},{"@type":"ListItem","position":3,"name":"Grand coussin de sol Haricot"}]},{"@type":"WebSite","@id":"https:\/\/www.ghislainegarcin.fr\/#website","url":"https:\/\/www.ghislainegarcin.fr\/","name":"Ghislaine Garcin","description":"feutre art textile","publisher":{"@id":"https:\/\/www.ghislainegarcin.fr\/#organization"},"potentialAction":[{"@type":"SearchAction","target":{"@type":"EntryPoint","urlTemplate":"https:\/\/www.ghislainegarcin.fr\/?s={search_term_string}"},"query-input":{"@type":"PropertyValueSpecification","valueRequired":true,"valueName":"search_term_string"}}],"inLanguage":"en-GB"},{"@type":"Organization","@id":"https:\/\/www.ghislainegarcin.fr\/#organization","name":"Ghislaine Garcin","url":"https:\/\/www.ghislainegarcin.fr\/","logo":{"@type":"ImageObject","inLanguage":"en-GB","@id":"https:\/\/www.ghislainegarcin.fr\/#\/schema\/logo\/image\/","url":"https:\/\/www.ghislainegarcin.fr\/wp-content\/uploads\/2025\/10\/cropped-newlogofeutrearttextileBD.jpg","contentUrl":"https:\/\/www.ghislainegarcin.fr\/wp-content\/uploads\/2025\/10\/cropped-newlogofeutrearttextileBD.jpg","width":384,"height":108,"caption":"Ghislaine Garcin"},"image":{"@id":"https:\/\/www.ghislainegarcin.fr\/#\/schema\/logo\/image\/"},"sameAs":["https:\/\/www.facebook.com\/ghislainegarcin.creationstextiles\/","https:\/\/www.instagram.com\/ghislainegarcin\/","https:\/\/www.linkedin.com\/in\/ghislainegarcin\/"]}]}},"_links":{"self":[{"href":"https:\/\/www.ghislainegarcin.fr\/en\/wp-json\/wp\/v2\/product\/4104"}],"collection":[{"href":"https:\/\/www.ghislainegarcin.fr\/en\/wp-json\/wp\/v2\/product"}],"about":[{"href":"https:\/\/www.ghislainegarcin.fr\/en\/wp-json\/wp\/v2\/types\/product"}],"wp:featuredmedia":[{"embeddable":true,"href":"https:\/\/www.ghislainegarcin.fr\/en\/wp-json\/wp\/v2\/media\/4113"}],"wp:attachment":[{"href":"https:\/\/www.ghislainegarcin.fr\/en\/wp-json\/wp\/v2\/media?parent=4104"}],"wp:term":[{"taxonomy":"product_cat","embeddable":true,"href":"https:\/\/www.ghislainegarcin.fr\/en\/wp-json\/wp\/v2\/product_cat?post=4104"},{"taxonomy":"product_tag","embeddable":true,"href":"https:\/\/www.ghislainegarcin.fr\/en\/wp-json\/wp\/v2\/product_tag?post=4104"}],"curies":[{"name":"wp","href":"https:\/\/api.w.org\/{rel}","templated":true}]}}