{"id":4122,"date":"2023-10-23T09:16:18","date_gmt":"2023-10-23T07:16:18","guid":{"rendered":"https:\/\/www.ghislainegarcin.fr\/?post_type=product&#038;p=4122"},"modified":"2025-12-29T00:03:01","modified_gmt":"2025-12-28T23:03:01","slug":"tabouret-en-feutre-rond-ocre","status":"publish","type":"product","link":"https:\/\/www.ghislainegarcin.fr\/en\/product\/tabouret-en-feutre-rond-ocre\/","title":{"rendered":"Tabouret en feutre rond"},"content":{"rendered":"<p>Handmade wool felt.<br \/>\nDimensions : \u00f842 cm. Hauteur : 47 cm.<br \/>\nSeat padding in thermo-compressed wool.<br \/>\nBlack metal legs with hairpins.<br \/>\nColoris Ocre\/Terracotta, teinture v\u00e9g\u00e9tale<\/p>","protected":false},"excerpt":{"rendered":"<p>Pour le salon, l&rsquo;entr\u00e9e ou encore la chambre, un tabouret en feutre de laine aux couleurs naturelles et v\u00e9g\u00e9tales \u00e0 la fois sobres et lumineuses.<\/p>","protected":false},"featured_media":4125,"template":"","meta":[],"product_cat":[27],"product_tag":[],"yoast_head":"<!-- This site is optimized with the Yoast SEO plugin v23.5 - https:\/\/yoast.com\/wordpress\/plugins\/seo\/ -->\n<title>Tabouret en feutre rond | Ghislaine Garcin<\/title>\n<meta name=\"description\" content=\"Tabouret en feutre fait-main rond, 100% laine naturelle et teinture v\u00e9g\u00e9tale.\u00a0Design sobre et contemporain, couleurs traditionnelles et r\u00e9confortantes.\" \/>\n<meta name=\"robots\" content=\"index, follow, max-snippet:-1, max-image-preview:large, max-video-preview:-1\" \/>\n<link rel=\"canonical\" href=\"https:\/\/www.ghislainegarcin.fr\/en\/product\/tabouret-en-feutre-rond-ocre\/\" \/>\n<meta property=\"og:locale\" content=\"en_GB\" \/>\n<meta property=\"og:type\" content=\"article\" \/>\n<meta property=\"og:title\" content=\"Tabouret en feutre rond | Ghislaine Garcin\" \/>\n<meta property=\"og:description\" content=\"Tabouret en feutre fait-main rond, 100% laine naturelle et teinture v\u00e9g\u00e9tale.\u00a0Design sobre et contemporain, couleurs traditionnelles et r\u00e9confortantes.\" \/>\n<meta property=\"og:url\" content=\"https:\/\/www.ghislainegarcin.fr\/en\/product\/tabouret-en-feutre-rond-ocre\/\" \/>\n<meta property=\"og:site_name\" content=\"Ghislaine Garcin\" \/>\n<meta property=\"article:publisher\" content=\"https:\/\/www.facebook.com\/ghislainegarcin.creationstextiles\/\" \/>\n<meta property=\"article:modified_time\" content=\"2025-12-28T23:03:01+00:00\" \/>\n<meta property=\"og:image\" content=\"https:\/\/www.ghislainegarcin.fr\/wp-content\/uploads\/2023\/10\/tabouret-feutre-rond-ocre3010.jpg\" \/>\n\t<meta property=\"og:image:width\" content=\"1300\" \/>\n\t<meta property=\"og:image:height\" content=\"1300\" \/>\n\t<meta property=\"og:image:type\" content=\"image\/jpeg\" \/>\n<meta name=\"twitter:card\" content=\"summary_large_image\" \/>\n<meta name=\"twitter:label1\" content=\"Estimated reading time\" \/>\n\t<meta name=\"twitter:data1\" content=\"1 minute\" \/>\n<script type=\"application\/ld+json\" class=\"yoast-schema-graph\">{\"@context\":\"https:\/\/schema.org\",\"@graph\":[{\"@type\":\"WebPage\",\"@id\":\"https:\/\/www.ghislainegarcin.fr\/produit\/tabouret-en-feutre-rond-ocre\/\",\"url\":\"https:\/\/www.ghislainegarcin.fr\/produit\/tabouret-en-feutre-rond-ocre\/\",\"name\":\"Tabouret en feutre rond | Ghislaine Garcin\",\"isPartOf\":{\"@id\":\"https:\/\/www.ghislainegarcin.fr\/#website\"},\"primaryImageOfPage\":{\"@id\":\"https:\/\/www.ghislainegarcin.fr\/produit\/tabouret-en-feutre-rond-ocre\/#primaryimage\"},\"image\":{\"@id\":\"https:\/\/www.ghislainegarcin.fr\/produit\/tabouret-en-feutre-rond-ocre\/#primaryimage\"},\"thumbnailUrl\":\"https:\/\/www.ghislainegarcin.fr\/wp-content\/uploads\/2023\/10\/tabouret-feutre-rond-ocre3010.jpg\",\"datePublished\":\"2023-10-23T07:16:18+00:00\",\"dateModified\":\"2025-12-28T23:03:01+00:00\",\"description\":\"Tabouret en feutre fait-main rond, 100% laine naturelle et teinture v\u00e9g\u00e9tale.\u00a0Design sobre et contemporain, couleurs traditionnelles et r\u00e9confortantes.\",\"breadcrumb\":{\"@id\":\"https:\/\/www.ghislainegarcin.fr\/produit\/tabouret-en-feutre-rond-ocre\/#breadcrumb\"},\"inLanguage\":\"en-GB\",\"potentialAction\":[{\"@type\":\"ReadAction\",\"target\":[\"https:\/\/www.ghislainegarcin.fr\/produit\/tabouret-en-feutre-rond-ocre\/\"]}]},{\"@type\":\"ImageObject\",\"inLanguage\":\"en-GB\",\"@id\":\"https:\/\/www.ghislainegarcin.fr\/produit\/tabouret-en-feutre-rond-ocre\/#primaryimage\",\"url\":\"https:\/\/www.ghislainegarcin.fr\/wp-content\/uploads\/2023\/10\/tabouret-feutre-rond-ocre3010.jpg\",\"contentUrl\":\"https:\/\/www.ghislainegarcin.fr\/wp-content\/uploads\/2023\/10\/tabouret-feutre-rond-ocre3010.jpg\",\"width\":1300,\"height\":1300,\"caption\":\"Tabouret rond en feutre, teinture v\u00e9g\u00e9tale\"},{\"@type\":\"BreadcrumbList\",\"@id\":\"https:\/\/www.ghislainegarcin.fr\/produit\/tabouret-en-feutre-rond-ocre\/#breadcrumb\",\"itemListElement\":[{\"@type\":\"ListItem\",\"position\":1,\"name\":\"Accueil\",\"item\":\"https:\/\/www.ghislainegarcin.fr\/\"},{\"@type\":\"ListItem\",\"position\":2,\"name\":\"Boutique\",\"item\":\"https:\/\/www.ghislainegarcin.fr\/boutique\/\"},{\"@type\":\"ListItem\",\"position\":3,\"name\":\"Tabouret en feutre rond\"}]},{\"@type\":\"WebSite\",\"@id\":\"https:\/\/www.ghislainegarcin.fr\/#website\",\"url\":\"https:\/\/www.ghislainegarcin.fr\/\",\"name\":\"Ghislaine Garcin\",\"description\":\"feutre art textile\",\"publisher\":{\"@id\":\"https:\/\/www.ghislainegarcin.fr\/#organization\"},\"potentialAction\":[{\"@type\":\"SearchAction\",\"target\":{\"@type\":\"EntryPoint\",\"urlTemplate\":\"https:\/\/www.ghislainegarcin.fr\/?s={search_term_string}\"},\"query-input\":{\"@type\":\"PropertyValueSpecification\",\"valueRequired\":true,\"valueName\":\"search_term_string\"}}],\"inLanguage\":\"en-GB\"},{\"@type\":\"Organization\",\"@id\":\"https:\/\/www.ghislainegarcin.fr\/#organization\",\"name\":\"Ghislaine Garcin\",\"url\":\"https:\/\/www.ghislainegarcin.fr\/\",\"logo\":{\"@type\":\"ImageObject\",\"inLanguage\":\"en-GB\",\"@id\":\"https:\/\/www.ghislainegarcin.fr\/#\/schema\/logo\/image\/\",\"url\":\"https:\/\/www.ghislainegarcin.fr\/wp-content\/uploads\/2025\/10\/cropped-newlogofeutrearttextileBD.jpg\",\"contentUrl\":\"https:\/\/www.ghislainegarcin.fr\/wp-content\/uploads\/2025\/10\/cropped-newlogofeutrearttextileBD.jpg\",\"width\":384,\"height\":108,\"caption\":\"Ghislaine Garcin\"},\"image\":{\"@id\":\"https:\/\/www.ghislainegarcin.fr\/#\/schema\/logo\/image\/\"},\"sameAs\":[\"https:\/\/www.facebook.com\/ghislainegarcin.creationstextiles\/\",\"https:\/\/www.instagram.com\/ghislainegarcin\/\",\"https:\/\/www.linkedin.com\/in\/ghislainegarcin\/\"]}]}<\/script>\n<!-- \/ Yoast SEO plugin. -->","yoast_head_json":{"title":"Tabouret en feutre rond | Ghislaine Garcin","description":"Tabouret en feutre fait-main rond, 100% laine naturelle et teinture v\u00e9g\u00e9tale.\u00a0Design sobre et contemporain, couleurs traditionnelles et r\u00e9confortantes.","robots":{"index":"index","follow":"follow","max-snippet":"max-snippet:-1","max-image-preview":"max-image-preview:large","max-video-preview":"max-video-preview:-1"},"canonical":"https:\/\/www.ghislainegarcin.fr\/en\/product\/tabouret-en-feutre-rond-ocre\/","og_locale":"en_GB","og_type":"article","og_title":"Tabouret en feutre rond | Ghislaine Garcin","og_description":"Tabouret en feutre fait-main rond, 100% laine naturelle et teinture v\u00e9g\u00e9tale.\u00a0Design sobre et contemporain, couleurs traditionnelles et r\u00e9confortantes.","og_url":"https:\/\/www.ghislainegarcin.fr\/en\/product\/tabouret-en-feutre-rond-ocre\/","og_site_name":"Ghislaine Garcin","article_publisher":"https:\/\/www.facebook.com\/ghislainegarcin.creationstextiles\/","article_modified_time":"2025-12-28T23:03:01+00:00","og_image":[{"width":1300,"height":1300,"url":"https:\/\/www.ghislainegarcin.fr\/wp-content\/uploads\/2023\/10\/tabouret-feutre-rond-ocre3010.jpg","type":"image\/jpeg"}],"twitter_card":"summary_large_image","twitter_misc":{"Estimated reading time":"1 minute"},"schema":{"@context":"https:\/\/schema.org","@graph":[{"@type":"WebPage","@id":"https:\/\/www.ghislainegarcin.fr\/produit\/tabouret-en-feutre-rond-ocre\/","url":"https:\/\/www.ghislainegarcin.fr\/produit\/tabouret-en-feutre-rond-ocre\/","name":"Tabouret en feutre rond | Ghislaine Garcin","isPartOf":{"@id":"https:\/\/www.ghislainegarcin.fr\/#website"},"primaryImageOfPage":{"@id":"https:\/\/www.ghislainegarcin.fr\/produit\/tabouret-en-feutre-rond-ocre\/#primaryimage"},"image":{"@id":"https:\/\/www.ghislainegarcin.fr\/produit\/tabouret-en-feutre-rond-ocre\/#primaryimage"},"thumbnailUrl":"https:\/\/www.ghislainegarcin.fr\/wp-content\/uploads\/2023\/10\/tabouret-feutre-rond-ocre3010.jpg","datePublished":"2023-10-23T07:16:18+00:00","dateModified":"2025-12-28T23:03:01+00:00","description":"Tabouret en feutre fait-main rond, 100% laine naturelle et teinture v\u00e9g\u00e9tale.\u00a0Design sobre et contemporain, couleurs traditionnelles et r\u00e9confortantes.","breadcrumb":{"@id":"https:\/\/www.ghislainegarcin.fr\/produit\/tabouret-en-feutre-rond-ocre\/#breadcrumb"},"inLanguage":"en-GB","potentialAction":[{"@type":"ReadAction","target":["https:\/\/www.ghislainegarcin.fr\/produit\/tabouret-en-feutre-rond-ocre\/"]}]},{"@type":"ImageObject","inLanguage":"en-GB","@id":"https:\/\/www.ghislainegarcin.fr\/produit\/tabouret-en-feutre-rond-ocre\/#primaryimage","url":"https:\/\/www.ghislainegarcin.fr\/wp-content\/uploads\/2023\/10\/tabouret-feutre-rond-ocre3010.jpg","contentUrl":"https:\/\/www.ghislainegarcin.fr\/wp-content\/uploads\/2023\/10\/tabouret-feutre-rond-ocre3010.jpg","width":1300,"height":1300,"caption":"Tabouret rond en feutre, teinture v\u00e9g\u00e9tale"},{"@type":"BreadcrumbList","@id":"https:\/\/www.ghislainegarcin.fr\/produit\/tabouret-en-feutre-rond-ocre\/#breadcrumb","itemListElement":[{"@type":"ListItem","position":1,"name":"Accueil","item":"https:\/\/www.ghislainegarcin.fr\/"},{"@type":"ListItem","position":2,"name":"Boutique","item":"https:\/\/www.ghislainegarcin.fr\/boutique\/"},{"@type":"ListItem","position":3,"name":"Tabouret en feutre rond"}]},{"@type":"WebSite","@id":"https:\/\/www.ghislainegarcin.fr\/#website","url":"https:\/\/www.ghislainegarcin.fr\/","name":"Ghislaine Garcin","description":"feutre art textile","publisher":{"@id":"https:\/\/www.ghislainegarcin.fr\/#organization"},"potentialAction":[{"@type":"SearchAction","target":{"@type":"EntryPoint","urlTemplate":"https:\/\/www.ghislainegarcin.fr\/?s={search_term_string}"},"query-input":{"@type":"PropertyValueSpecification","valueRequired":true,"valueName":"search_term_string"}}],"inLanguage":"en-GB"},{"@type":"Organization","@id":"https:\/\/www.ghislainegarcin.fr\/#organization","name":"Ghislaine Garcin","url":"https:\/\/www.ghislainegarcin.fr\/","logo":{"@type":"ImageObject","inLanguage":"en-GB","@id":"https:\/\/www.ghislainegarcin.fr\/#\/schema\/logo\/image\/","url":"https:\/\/www.ghislainegarcin.fr\/wp-content\/uploads\/2025\/10\/cropped-newlogofeutrearttextileBD.jpg","contentUrl":"https:\/\/www.ghislainegarcin.fr\/wp-content\/uploads\/2025\/10\/cropped-newlogofeutrearttextileBD.jpg","width":384,"height":108,"caption":"Ghislaine Garcin"},"image":{"@id":"https:\/\/www.ghislainegarcin.fr\/#\/schema\/logo\/image\/"},"sameAs":["https:\/\/www.facebook.com\/ghislainegarcin.creationstextiles\/","https:\/\/www.instagram.com\/ghislainegarcin\/","https:\/\/www.linkedin.com\/in\/ghislainegarcin\/"]}]}},"_links":{"self":[{"href":"https:\/\/www.ghislainegarcin.fr\/en\/wp-json\/wp\/v2\/product\/4122"}],"collection":[{"href":"https:\/\/www.ghislainegarcin.fr\/en\/wp-json\/wp\/v2\/product"}],"about":[{"href":"https:\/\/www.ghislainegarcin.fr\/en\/wp-json\/wp\/v2\/types\/product"}],"wp:featuredmedia":[{"embeddable":true,"href":"https:\/\/www.ghislainegarcin.fr\/en\/wp-json\/wp\/v2\/media\/4125"}],"wp:attachment":[{"href":"https:\/\/www.ghislainegarcin.fr\/en\/wp-json\/wp\/v2\/media?parent=4122"}],"wp:term":[{"taxonomy":"product_cat","embeddable":true,"href":"https:\/\/www.ghislainegarcin.fr\/en\/wp-json\/wp\/v2\/product_cat?post=4122"},{"taxonomy":"product_tag","embeddable":true,"href":"https:\/\/www.ghislainegarcin.fr\/en\/wp-json\/wp\/v2\/product_tag?post=4122"}],"curies":[{"name":"wp","href":"https:\/\/api.w.org\/{rel}","templated":true}]}}