{"id":4165,"date":"2023-11-02T18:36:06","date_gmt":"2023-11-02T17:36:06","guid":{"rendered":"https:\/\/www.ghislainegarcin.fr\/?post_type=product&#038;p=4165"},"modified":"2025-12-29T00:02:57","modified_gmt":"2025-12-28T23:02:57","slug":"tapis-en-feutre-mosaique-bleu-outremer","status":"publish","type":"product","link":"https:\/\/www.ghislainegarcin.fr\/en\/product\/tapis-en-feutre-mosaique-bleu-outremer\/","title":{"rendered":"Tapis en feutre Mosa\u00efque Bleu outremer"},"content":{"rendered":"<p>Tapis en feutre pure laine, de forme carr\u00e9.<br \/>\nDimension 113 x 130 cm.<br \/>\nColoris Bleu\/vert.<\/p>\n<h3>Un feutre textur\u00e9 et unique en raison de la pr\u00e9sence de la maille<\/h3>\n<p>Nos tapis ou tentures murales faits main, combinent deux techniques, le tricot et la laine feutr\u00e9e. Feutrage ensemble et en m\u00eame temps de fibres de laine brutes et de fils tricot\u00e9s.<\/p>\n<h3>Fabrication artisanale<\/h3>\n<p>Le mode de production, enti\u00e8rement artisanal en \u00e9dition limit\u00e9e, et les mati\u00e8res utilis\u00e9es respectent l&rsquo;environnement. La laine prot\u00e8ge nos int\u00e9rieurs comme notre environnement par ses propri\u00e9t\u00e9s naturelles et son caract\u00e8re durable.<\/p>\n<h3>R\u00e9alisation sur mesure<\/h3>\n<p>Les pi\u00e8ces peuvent \u00eatre r\u00e9alis\u00e9es sur mesure en diff\u00e9rents coloris, formes et formats afin de s&rsquo;adapter \u00e0 tous les espaces.<\/p>","protected":false},"excerpt":{"rendered":"<p>La collection Mosa\u00efques, des teintes subtiles pour un univers \u00e9l\u00e9gant et raffin\u00e9.<\/p>","protected":false},"featured_media":4170,"template":"","meta":[],"product_cat":[26],"product_tag":[],"yoast_head":"<!-- This site is optimized with the Yoast SEO plugin v23.5 - https:\/\/yoast.com\/wordpress\/plugins\/seo\/ -->\n<title>Tapis en feutre Mosa\u00efque Bleu outremer | Ghislaine Garcin<\/title>\n<meta name=\"description\" content=\"Tapis (ou tenture murale) Mosaique en feutre de laine fait-main, Bleu Outremer. L&#039;exotisme des mers du Sud dans son salon...\" \/>\n<meta name=\"robots\" content=\"index, follow, max-snippet:-1, max-image-preview:large, max-video-preview:-1\" \/>\n<link rel=\"canonical\" href=\"https:\/\/www.ghislainegarcin.fr\/en\/product\/tapis-en-feutre-mosaique-bleu-outremer\/\" \/>\n<meta property=\"og:locale\" content=\"en_GB\" \/>\n<meta property=\"og:type\" content=\"article\" \/>\n<meta property=\"og:title\" content=\"Tapis en feutre Mosa\u00efque Bleu outremer | Ghislaine Garcin\" \/>\n<meta property=\"og:description\" content=\"Tapis (ou tenture murale) Mosaique en feutre de laine fait-main, Bleu Outremer. L&#039;exotisme des mers du Sud dans son salon...\" \/>\n<meta property=\"og:url\" content=\"https:\/\/www.ghislainegarcin.fr\/en\/product\/tapis-en-feutre-mosaique-bleu-outremer\/\" \/>\n<meta property=\"og:site_name\" content=\"Ghislaine Garcin\" \/>\n<meta property=\"article:publisher\" content=\"https:\/\/www.facebook.com\/ghislainegarcin.creationstextiles\/\" \/>\n<meta property=\"article:modified_time\" content=\"2025-12-28T23:02:57+00:00\" \/>\n<meta property=\"og:image\" content=\"https:\/\/www.ghislainegarcin.fr\/wp-content\/uploads\/2023\/11\/tapis-feutre-mosaique-bleu-outremer_4810-1024x1024.jpg\" \/>\n\t<meta property=\"og:image:width\" content=\"1024\" \/>\n\t<meta property=\"og:image:height\" content=\"1024\" \/>\n\t<meta property=\"og:image:type\" content=\"image\/jpeg\" \/>\n<meta name=\"twitter:card\" content=\"summary_large_image\" \/>\n<meta name=\"twitter:label1\" content=\"Estimated reading time\" \/>\n\t<meta name=\"twitter:data1\" content=\"1 minute\" \/>\n<script type=\"application\/ld+json\" class=\"yoast-schema-graph\">{\"@context\":\"https:\/\/schema.org\",\"@graph\":[{\"@type\":\"WebPage\",\"@id\":\"https:\/\/www.ghislainegarcin.fr\/produit\/tapis-en-feutre-mosaique-bleu-outremer\/\",\"url\":\"https:\/\/www.ghislainegarcin.fr\/produit\/tapis-en-feutre-mosaique-bleu-outremer\/\",\"name\":\"Tapis en feutre Mosa\u00efque Bleu outremer | Ghislaine Garcin\",\"isPartOf\":{\"@id\":\"https:\/\/www.ghislainegarcin.fr\/#website\"},\"primaryImageOfPage\":{\"@id\":\"https:\/\/www.ghislainegarcin.fr\/produit\/tapis-en-feutre-mosaique-bleu-outremer\/#primaryimage\"},\"image\":{\"@id\":\"https:\/\/www.ghislainegarcin.fr\/produit\/tapis-en-feutre-mosaique-bleu-outremer\/#primaryimage\"},\"thumbnailUrl\":\"https:\/\/www.ghislainegarcin.fr\/wp-content\/uploads\/2023\/11\/tapis-feutre-mosaique-bleu-outremer_4810.jpg\",\"datePublished\":\"2023-11-02T17:36:06+00:00\",\"dateModified\":\"2025-12-28T23:02:57+00:00\",\"description\":\"Tapis (ou tenture murale) Mosaique en feutre de laine fait-main, Bleu Outremer. L'exotisme des mers du Sud dans son salon...\",\"breadcrumb\":{\"@id\":\"https:\/\/www.ghislainegarcin.fr\/produit\/tapis-en-feutre-mosaique-bleu-outremer\/#breadcrumb\"},\"inLanguage\":\"en-GB\",\"potentialAction\":[{\"@type\":\"ReadAction\",\"target\":[\"https:\/\/www.ghislainegarcin.fr\/produit\/tapis-en-feutre-mosaique-bleu-outremer\/\"]}]},{\"@type\":\"ImageObject\",\"inLanguage\":\"en-GB\",\"@id\":\"https:\/\/www.ghislainegarcin.fr\/produit\/tapis-en-feutre-mosaique-bleu-outremer\/#primaryimage\",\"url\":\"https:\/\/www.ghislainegarcin.fr\/wp-content\/uploads\/2023\/11\/tapis-feutre-mosaique-bleu-outremer_4810.jpg\",\"contentUrl\":\"https:\/\/www.ghislainegarcin.fr\/wp-content\/uploads\/2023\/11\/tapis-feutre-mosaique-bleu-outremer_4810.jpg\",\"width\":1415,\"height\":1415},{\"@type\":\"BreadcrumbList\",\"@id\":\"https:\/\/www.ghislainegarcin.fr\/produit\/tapis-en-feutre-mosaique-bleu-outremer\/#breadcrumb\",\"itemListElement\":[{\"@type\":\"ListItem\",\"position\":1,\"name\":\"Accueil\",\"item\":\"https:\/\/www.ghislainegarcin.fr\/\"},{\"@type\":\"ListItem\",\"position\":2,\"name\":\"Boutique\",\"item\":\"https:\/\/www.ghislainegarcin.fr\/boutique\/\"},{\"@type\":\"ListItem\",\"position\":3,\"name\":\"Tapis en feutre Mosa\u00efque Bleu outremer\"}]},{\"@type\":\"WebSite\",\"@id\":\"https:\/\/www.ghislainegarcin.fr\/#website\",\"url\":\"https:\/\/www.ghislainegarcin.fr\/\",\"name\":\"Ghislaine Garcin\",\"description\":\"feutre art textile\",\"publisher\":{\"@id\":\"https:\/\/www.ghislainegarcin.fr\/#organization\"},\"potentialAction\":[{\"@type\":\"SearchAction\",\"target\":{\"@type\":\"EntryPoint\",\"urlTemplate\":\"https:\/\/www.ghislainegarcin.fr\/?s={search_term_string}\"},\"query-input\":{\"@type\":\"PropertyValueSpecification\",\"valueRequired\":true,\"valueName\":\"search_term_string\"}}],\"inLanguage\":\"en-GB\"},{\"@type\":\"Organization\",\"@id\":\"https:\/\/www.ghislainegarcin.fr\/#organization\",\"name\":\"Ghislaine Garcin\",\"url\":\"https:\/\/www.ghislainegarcin.fr\/\",\"logo\":{\"@type\":\"ImageObject\",\"inLanguage\":\"en-GB\",\"@id\":\"https:\/\/www.ghislainegarcin.fr\/#\/schema\/logo\/image\/\",\"url\":\"https:\/\/www.ghislainegarcin.fr\/wp-content\/uploads\/2025\/10\/cropped-newlogofeutrearttextileBD.jpg\",\"contentUrl\":\"https:\/\/www.ghislainegarcin.fr\/wp-content\/uploads\/2025\/10\/cropped-newlogofeutrearttextileBD.jpg\",\"width\":384,\"height\":108,\"caption\":\"Ghislaine Garcin\"},\"image\":{\"@id\":\"https:\/\/www.ghislainegarcin.fr\/#\/schema\/logo\/image\/\"},\"sameAs\":[\"https:\/\/www.facebook.com\/ghislainegarcin.creationstextiles\/\",\"https:\/\/www.instagram.com\/ghislainegarcin\/\",\"https:\/\/www.linkedin.com\/in\/ghislainegarcin\/\"]}]}<\/script>\n<!-- \/ Yoast SEO plugin. -->","yoast_head_json":{"title":"Tapis en feutre Mosa\u00efque Bleu outremer | Ghislaine Garcin","description":"Tapis (ou tenture murale) Mosaique en feutre de laine fait-main, Bleu Outremer. L'exotisme des mers du Sud dans son salon...","robots":{"index":"index","follow":"follow","max-snippet":"max-snippet:-1","max-image-preview":"max-image-preview:large","max-video-preview":"max-video-preview:-1"},"canonical":"https:\/\/www.ghislainegarcin.fr\/en\/product\/tapis-en-feutre-mosaique-bleu-outremer\/","og_locale":"en_GB","og_type":"article","og_title":"Tapis en feutre Mosa\u00efque Bleu outremer | Ghislaine Garcin","og_description":"Tapis (ou tenture murale) Mosaique en feutre de laine fait-main, Bleu Outremer. L'exotisme des mers du Sud dans son salon...","og_url":"https:\/\/www.ghislainegarcin.fr\/en\/product\/tapis-en-feutre-mosaique-bleu-outremer\/","og_site_name":"Ghislaine Garcin","article_publisher":"https:\/\/www.facebook.com\/ghislainegarcin.creationstextiles\/","article_modified_time":"2025-12-28T23:02:57+00:00","og_image":[{"width":1024,"height":1024,"url":"https:\/\/www.ghislainegarcin.fr\/wp-content\/uploads\/2023\/11\/tapis-feutre-mosaique-bleu-outremer_4810-1024x1024.jpg","type":"image\/jpeg"}],"twitter_card":"summary_large_image","twitter_misc":{"Estimated reading time":"1 minute"},"schema":{"@context":"https:\/\/schema.org","@graph":[{"@type":"WebPage","@id":"https:\/\/www.ghislainegarcin.fr\/produit\/tapis-en-feutre-mosaique-bleu-outremer\/","url":"https:\/\/www.ghislainegarcin.fr\/produit\/tapis-en-feutre-mosaique-bleu-outremer\/","name":"Tapis en feutre Mosa\u00efque Bleu outremer | Ghislaine Garcin","isPartOf":{"@id":"https:\/\/www.ghislainegarcin.fr\/#website"},"primaryImageOfPage":{"@id":"https:\/\/www.ghislainegarcin.fr\/produit\/tapis-en-feutre-mosaique-bleu-outremer\/#primaryimage"},"image":{"@id":"https:\/\/www.ghislainegarcin.fr\/produit\/tapis-en-feutre-mosaique-bleu-outremer\/#primaryimage"},"thumbnailUrl":"https:\/\/www.ghislainegarcin.fr\/wp-content\/uploads\/2023\/11\/tapis-feutre-mosaique-bleu-outremer_4810.jpg","datePublished":"2023-11-02T17:36:06+00:00","dateModified":"2025-12-28T23:02:57+00:00","description":"Tapis (ou tenture murale) Mosaique en feutre de laine fait-main, Bleu Outremer. L'exotisme des mers du Sud dans son salon...","breadcrumb":{"@id":"https:\/\/www.ghislainegarcin.fr\/produit\/tapis-en-feutre-mosaique-bleu-outremer\/#breadcrumb"},"inLanguage":"en-GB","potentialAction":[{"@type":"ReadAction","target":["https:\/\/www.ghislainegarcin.fr\/produit\/tapis-en-feutre-mosaique-bleu-outremer\/"]}]},{"@type":"ImageObject","inLanguage":"en-GB","@id":"https:\/\/www.ghislainegarcin.fr\/produit\/tapis-en-feutre-mosaique-bleu-outremer\/#primaryimage","url":"https:\/\/www.ghislainegarcin.fr\/wp-content\/uploads\/2023\/11\/tapis-feutre-mosaique-bleu-outremer_4810.jpg","contentUrl":"https:\/\/www.ghislainegarcin.fr\/wp-content\/uploads\/2023\/11\/tapis-feutre-mosaique-bleu-outremer_4810.jpg","width":1415,"height":1415},{"@type":"BreadcrumbList","@id":"https:\/\/www.ghislainegarcin.fr\/produit\/tapis-en-feutre-mosaique-bleu-outremer\/#breadcrumb","itemListElement":[{"@type":"ListItem","position":1,"name":"Accueil","item":"https:\/\/www.ghislainegarcin.fr\/"},{"@type":"ListItem","position":2,"name":"Boutique","item":"https:\/\/www.ghislainegarcin.fr\/boutique\/"},{"@type":"ListItem","position":3,"name":"Tapis en feutre Mosa\u00efque Bleu outremer"}]},{"@type":"WebSite","@id":"https:\/\/www.ghislainegarcin.fr\/#website","url":"https:\/\/www.ghislainegarcin.fr\/","name":"Ghislaine Garcin","description":"feutre art textile","publisher":{"@id":"https:\/\/www.ghislainegarcin.fr\/#organization"},"potentialAction":[{"@type":"SearchAction","target":{"@type":"EntryPoint","urlTemplate":"https:\/\/www.ghislainegarcin.fr\/?s={search_term_string}"},"query-input":{"@type":"PropertyValueSpecification","valueRequired":true,"valueName":"search_term_string"}}],"inLanguage":"en-GB"},{"@type":"Organization","@id":"https:\/\/www.ghislainegarcin.fr\/#organization","name":"Ghislaine Garcin","url":"https:\/\/www.ghislainegarcin.fr\/","logo":{"@type":"ImageObject","inLanguage":"en-GB","@id":"https:\/\/www.ghislainegarcin.fr\/#\/schema\/logo\/image\/","url":"https:\/\/www.ghislainegarcin.fr\/wp-content\/uploads\/2025\/10\/cropped-newlogofeutrearttextileBD.jpg","contentUrl":"https:\/\/www.ghislainegarcin.fr\/wp-content\/uploads\/2025\/10\/cropped-newlogofeutrearttextileBD.jpg","width":384,"height":108,"caption":"Ghislaine Garcin"},"image":{"@id":"https:\/\/www.ghislainegarcin.fr\/#\/schema\/logo\/image\/"},"sameAs":["https:\/\/www.facebook.com\/ghislainegarcin.creationstextiles\/","https:\/\/www.instagram.com\/ghislainegarcin\/","https:\/\/www.linkedin.com\/in\/ghislainegarcin\/"]}]}},"_links":{"self":[{"href":"https:\/\/www.ghislainegarcin.fr\/en\/wp-json\/wp\/v2\/product\/4165"}],"collection":[{"href":"https:\/\/www.ghislainegarcin.fr\/en\/wp-json\/wp\/v2\/product"}],"about":[{"href":"https:\/\/www.ghislainegarcin.fr\/en\/wp-json\/wp\/v2\/types\/product"}],"wp:featuredmedia":[{"embeddable":true,"href":"https:\/\/www.ghislainegarcin.fr\/en\/wp-json\/wp\/v2\/media\/4170"}],"wp:attachment":[{"href":"https:\/\/www.ghislainegarcin.fr\/en\/wp-json\/wp\/v2\/media?parent=4165"}],"wp:term":[{"taxonomy":"product_cat","embeddable":true,"href":"https:\/\/www.ghislainegarcin.fr\/en\/wp-json\/wp\/v2\/product_cat?post=4165"},{"taxonomy":"product_tag","embeddable":true,"href":"https:\/\/www.ghislainegarcin.fr\/en\/wp-json\/wp\/v2\/product_tag?post=4165"}],"curies":[{"name":"wp","href":"https:\/\/api.w.org\/{rel}","templated":true}]}}