{"id":4191,"date":"2023-11-03T12:43:54","date_gmt":"2023-11-03T11:43:54","guid":{"rendered":"https:\/\/www.ghislainegarcin.fr\/?post_type=product&#038;p=4191"},"modified":"2025-12-29T00:03:00","modified_gmt":"2025-12-28T23:03:00","slug":"panier-en-feutre-coloris-bleu-brun","status":"publish","type":"product","link":"https:\/\/www.ghislainegarcin.fr\/en\/product\/panier-en-feutre-coloris-bleu-brun\/","title":{"rendered":"Panier en feutre, coloris Bleu\/brun"},"content":{"rendered":"<ul>\n<li>100% wool, renewable and biodegradable yarns and fibres.<\/li>\n<li>Dimensions (env) : S \u00f816cm, M \u00f822cm, L \u00f826cm, XL \u00f832cm, XXL \u00f838cm.<\/li>\n<li>Can be made in different colours.<\/li>\n<\/ul>\n<p>Entirely handmade production method (wet felt) in limited edition with respect for the environment.<\/p>\n<p>&nbsp;<\/p>\n<p>&nbsp;<\/p>","protected":false},"excerpt":{"rendered":"<p class=\"p1\">Paniers, pots, corbeilles,&#8230; pour toutes les pi\u00e8ces de la maison. En feutre de laine fait-main. Peuvent \u00eatre r\u00e9alis\u00e9s dans toutes les tailles et tous les coloris propos\u00e9s. Me consulter par messagerie si la taille souhait\u00e9e n&rsquo;est pas disponible ici.<\/p>","protected":false},"featured_media":4205,"template":"","meta":[],"product_cat":[24],"product_tag":[],"yoast_head":"<!-- This site is optimized with the Yoast SEO plugin v23.5 - https:\/\/yoast.com\/wordpress\/plugins\/seo\/ -->\n<title>Panier en feutre, coloris Bleu\/brun | Ghislaine Garcin<\/title>\n<meta name=\"description\" content=\"Paniers, pots, corbeilles,... pour toutes les pi\u00e8ces de la maison. En feutre de laine fait-main. Peuvent \u00eatre r\u00e9alis\u00e9s en diff\u00e9rentes tailles et coloris.\" \/>\n<meta name=\"robots\" content=\"index, follow, max-snippet:-1, max-image-preview:large, max-video-preview:-1\" \/>\n<link rel=\"canonical\" href=\"https:\/\/www.ghislainegarcin.fr\/en\/product\/panier-en-feutre-coloris-bleu-brun\/\" \/>\n<meta property=\"og:locale\" content=\"en_GB\" \/>\n<meta property=\"og:type\" content=\"article\" \/>\n<meta property=\"og:title\" content=\"Panier en feutre, coloris Bleu\/brun | Ghislaine Garcin\" \/>\n<meta property=\"og:description\" content=\"Paniers, pots, corbeilles,... pour toutes les pi\u00e8ces de la maison. En feutre de laine fait-main. Peuvent \u00eatre r\u00e9alis\u00e9s en diff\u00e9rentes tailles et coloris.\" \/>\n<meta property=\"og:url\" content=\"https:\/\/www.ghislainegarcin.fr\/en\/product\/panier-en-feutre-coloris-bleu-brun\/\" \/>\n<meta property=\"og:site_name\" content=\"Ghislaine Garcin\" \/>\n<meta property=\"article:publisher\" content=\"https:\/\/www.facebook.com\/ghislainegarcin.creationstextiles\/\" \/>\n<meta property=\"article:modified_time\" content=\"2025-12-28T23:03:00+00:00\" \/>\n<meta property=\"og:image\" content=\"https:\/\/www.ghislainegarcin.fr\/wp-content\/uploads\/2023\/11\/paniers-feutre-bleu-brun-groupe-002.jpg\" \/>\n\t<meta property=\"og:image:width\" content=\"1300\" \/>\n\t<meta property=\"og:image:height\" content=\"1299\" \/>\n\t<meta property=\"og:image:type\" content=\"image\/jpeg\" \/>\n<meta name=\"twitter:card\" content=\"summary_large_image\" \/>\n<meta name=\"twitter:label1\" content=\"Estimated reading time\" \/>\n\t<meta name=\"twitter:data1\" content=\"1 minute\" \/>\n<script type=\"application\/ld+json\" class=\"yoast-schema-graph\">{\"@context\":\"https:\/\/schema.org\",\"@graph\":[{\"@type\":\"WebPage\",\"@id\":\"https:\/\/www.ghislainegarcin.fr\/produit\/panier-en-feutre-coloris-bleu-brun\/\",\"url\":\"https:\/\/www.ghislainegarcin.fr\/produit\/panier-en-feutre-coloris-bleu-brun\/\",\"name\":\"Panier en feutre, coloris Bleu\/brun | Ghislaine Garcin\",\"isPartOf\":{\"@id\":\"https:\/\/www.ghislainegarcin.fr\/#website\"},\"primaryImageOfPage\":{\"@id\":\"https:\/\/www.ghislainegarcin.fr\/produit\/panier-en-feutre-coloris-bleu-brun\/#primaryimage\"},\"image\":{\"@id\":\"https:\/\/www.ghislainegarcin.fr\/produit\/panier-en-feutre-coloris-bleu-brun\/#primaryimage\"},\"thumbnailUrl\":\"https:\/\/www.ghislainegarcin.fr\/wp-content\/uploads\/2023\/11\/paniers-feutre-bleu-brun-groupe-002.jpg\",\"datePublished\":\"2023-11-03T11:43:54+00:00\",\"dateModified\":\"2025-12-28T23:03:00+00:00\",\"description\":\"Paniers, pots, corbeilles,... pour toutes les pi\u00e8ces de la maison. En feutre de laine fait-main. Peuvent \u00eatre r\u00e9alis\u00e9s en diff\u00e9rentes tailles et coloris.\",\"breadcrumb\":{\"@id\":\"https:\/\/www.ghislainegarcin.fr\/produit\/panier-en-feutre-coloris-bleu-brun\/#breadcrumb\"},\"inLanguage\":\"en-GB\",\"potentialAction\":[{\"@type\":\"ReadAction\",\"target\":[\"https:\/\/www.ghislainegarcin.fr\/produit\/panier-en-feutre-coloris-bleu-brun\/\"]}]},{\"@type\":\"ImageObject\",\"inLanguage\":\"en-GB\",\"@id\":\"https:\/\/www.ghislainegarcin.fr\/produit\/panier-en-feutre-coloris-bleu-brun\/#primaryimage\",\"url\":\"https:\/\/www.ghislainegarcin.fr\/wp-content\/uploads\/2023\/11\/paniers-feutre-bleu-brun-groupe-002.jpg\",\"contentUrl\":\"https:\/\/www.ghislainegarcin.fr\/wp-content\/uploads\/2023\/11\/paniers-feutre-bleu-brun-groupe-002.jpg\",\"width\":1300,\"height\":1299},{\"@type\":\"BreadcrumbList\",\"@id\":\"https:\/\/www.ghislainegarcin.fr\/produit\/panier-en-feutre-coloris-bleu-brun\/#breadcrumb\",\"itemListElement\":[{\"@type\":\"ListItem\",\"position\":1,\"name\":\"Accueil\",\"item\":\"https:\/\/www.ghislainegarcin.fr\/\"},{\"@type\":\"ListItem\",\"position\":2,\"name\":\"Boutique\",\"item\":\"https:\/\/www.ghislainegarcin.fr\/boutique\/\"},{\"@type\":\"ListItem\",\"position\":3,\"name\":\"Panier en feutre, coloris Bleu\/brun\"}]},{\"@type\":\"WebSite\",\"@id\":\"https:\/\/www.ghislainegarcin.fr\/#website\",\"url\":\"https:\/\/www.ghislainegarcin.fr\/\",\"name\":\"Ghislaine Garcin\",\"description\":\"feutre art textile\",\"publisher\":{\"@id\":\"https:\/\/www.ghislainegarcin.fr\/#organization\"},\"potentialAction\":[{\"@type\":\"SearchAction\",\"target\":{\"@type\":\"EntryPoint\",\"urlTemplate\":\"https:\/\/www.ghislainegarcin.fr\/?s={search_term_string}\"},\"query-input\":{\"@type\":\"PropertyValueSpecification\",\"valueRequired\":true,\"valueName\":\"search_term_string\"}}],\"inLanguage\":\"en-GB\"},{\"@type\":\"Organization\",\"@id\":\"https:\/\/www.ghislainegarcin.fr\/#organization\",\"name\":\"Ghislaine Garcin\",\"url\":\"https:\/\/www.ghislainegarcin.fr\/\",\"logo\":{\"@type\":\"ImageObject\",\"inLanguage\":\"en-GB\",\"@id\":\"https:\/\/www.ghislainegarcin.fr\/#\/schema\/logo\/image\/\",\"url\":\"https:\/\/www.ghislainegarcin.fr\/wp-content\/uploads\/2025\/10\/cropped-newlogofeutrearttextileBD.jpg\",\"contentUrl\":\"https:\/\/www.ghislainegarcin.fr\/wp-content\/uploads\/2025\/10\/cropped-newlogofeutrearttextileBD.jpg\",\"width\":384,\"height\":108,\"caption\":\"Ghislaine Garcin\"},\"image\":{\"@id\":\"https:\/\/www.ghislainegarcin.fr\/#\/schema\/logo\/image\/\"},\"sameAs\":[\"https:\/\/www.facebook.com\/ghislainegarcin.creationstextiles\/\",\"https:\/\/www.instagram.com\/ghislainegarcin\/\",\"https:\/\/www.linkedin.com\/in\/ghislainegarcin\/\"]}]}<\/script>\n<!-- \/ Yoast SEO plugin. -->","yoast_head_json":{"title":"Panier en feutre, coloris Bleu\/brun | Ghislaine Garcin","description":"Paniers, pots, corbeilles,... pour toutes les pi\u00e8ces de la maison. En feutre de laine fait-main. Peuvent \u00eatre r\u00e9alis\u00e9s en diff\u00e9rentes tailles et coloris.","robots":{"index":"index","follow":"follow","max-snippet":"max-snippet:-1","max-image-preview":"max-image-preview:large","max-video-preview":"max-video-preview:-1"},"canonical":"https:\/\/www.ghislainegarcin.fr\/en\/product\/panier-en-feutre-coloris-bleu-brun\/","og_locale":"en_GB","og_type":"article","og_title":"Panier en feutre, coloris Bleu\/brun | Ghislaine Garcin","og_description":"Paniers, pots, corbeilles,... pour toutes les pi\u00e8ces de la maison. En feutre de laine fait-main. Peuvent \u00eatre r\u00e9alis\u00e9s en diff\u00e9rentes tailles et coloris.","og_url":"https:\/\/www.ghislainegarcin.fr\/en\/product\/panier-en-feutre-coloris-bleu-brun\/","og_site_name":"Ghislaine Garcin","article_publisher":"https:\/\/www.facebook.com\/ghislainegarcin.creationstextiles\/","article_modified_time":"2025-12-28T23:03:00+00:00","og_image":[{"width":1300,"height":1299,"url":"https:\/\/www.ghislainegarcin.fr\/wp-content\/uploads\/2023\/11\/paniers-feutre-bleu-brun-groupe-002.jpg","type":"image\/jpeg"}],"twitter_card":"summary_large_image","twitter_misc":{"Estimated reading time":"1 minute"},"schema":{"@context":"https:\/\/schema.org","@graph":[{"@type":"WebPage","@id":"https:\/\/www.ghislainegarcin.fr\/produit\/panier-en-feutre-coloris-bleu-brun\/","url":"https:\/\/www.ghislainegarcin.fr\/produit\/panier-en-feutre-coloris-bleu-brun\/","name":"Panier en feutre, coloris Bleu\/brun | Ghislaine Garcin","isPartOf":{"@id":"https:\/\/www.ghislainegarcin.fr\/#website"},"primaryImageOfPage":{"@id":"https:\/\/www.ghislainegarcin.fr\/produit\/panier-en-feutre-coloris-bleu-brun\/#primaryimage"},"image":{"@id":"https:\/\/www.ghislainegarcin.fr\/produit\/panier-en-feutre-coloris-bleu-brun\/#primaryimage"},"thumbnailUrl":"https:\/\/www.ghislainegarcin.fr\/wp-content\/uploads\/2023\/11\/paniers-feutre-bleu-brun-groupe-002.jpg","datePublished":"2023-11-03T11:43:54+00:00","dateModified":"2025-12-28T23:03:00+00:00","description":"Paniers, pots, corbeilles,... pour toutes les pi\u00e8ces de la maison. En feutre de laine fait-main. Peuvent \u00eatre r\u00e9alis\u00e9s en diff\u00e9rentes tailles et coloris.","breadcrumb":{"@id":"https:\/\/www.ghislainegarcin.fr\/produit\/panier-en-feutre-coloris-bleu-brun\/#breadcrumb"},"inLanguage":"en-GB","potentialAction":[{"@type":"ReadAction","target":["https:\/\/www.ghislainegarcin.fr\/produit\/panier-en-feutre-coloris-bleu-brun\/"]}]},{"@type":"ImageObject","inLanguage":"en-GB","@id":"https:\/\/www.ghislainegarcin.fr\/produit\/panier-en-feutre-coloris-bleu-brun\/#primaryimage","url":"https:\/\/www.ghislainegarcin.fr\/wp-content\/uploads\/2023\/11\/paniers-feutre-bleu-brun-groupe-002.jpg","contentUrl":"https:\/\/www.ghislainegarcin.fr\/wp-content\/uploads\/2023\/11\/paniers-feutre-bleu-brun-groupe-002.jpg","width":1300,"height":1299},{"@type":"BreadcrumbList","@id":"https:\/\/www.ghislainegarcin.fr\/produit\/panier-en-feutre-coloris-bleu-brun\/#breadcrumb","itemListElement":[{"@type":"ListItem","position":1,"name":"Accueil","item":"https:\/\/www.ghislainegarcin.fr\/"},{"@type":"ListItem","position":2,"name":"Boutique","item":"https:\/\/www.ghislainegarcin.fr\/boutique\/"},{"@type":"ListItem","position":3,"name":"Panier en feutre, coloris Bleu\/brun"}]},{"@type":"WebSite","@id":"https:\/\/www.ghislainegarcin.fr\/#website","url":"https:\/\/www.ghislainegarcin.fr\/","name":"Ghislaine Garcin","description":"feutre art textile","publisher":{"@id":"https:\/\/www.ghislainegarcin.fr\/#organization"},"potentialAction":[{"@type":"SearchAction","target":{"@type":"EntryPoint","urlTemplate":"https:\/\/www.ghislainegarcin.fr\/?s={search_term_string}"},"query-input":{"@type":"PropertyValueSpecification","valueRequired":true,"valueName":"search_term_string"}}],"inLanguage":"en-GB"},{"@type":"Organization","@id":"https:\/\/www.ghislainegarcin.fr\/#organization","name":"Ghislaine Garcin","url":"https:\/\/www.ghislainegarcin.fr\/","logo":{"@type":"ImageObject","inLanguage":"en-GB","@id":"https:\/\/www.ghislainegarcin.fr\/#\/schema\/logo\/image\/","url":"https:\/\/www.ghislainegarcin.fr\/wp-content\/uploads\/2025\/10\/cropped-newlogofeutrearttextileBD.jpg","contentUrl":"https:\/\/www.ghislainegarcin.fr\/wp-content\/uploads\/2025\/10\/cropped-newlogofeutrearttextileBD.jpg","width":384,"height":108,"caption":"Ghislaine Garcin"},"image":{"@id":"https:\/\/www.ghislainegarcin.fr\/#\/schema\/logo\/image\/"},"sameAs":["https:\/\/www.facebook.com\/ghislainegarcin.creationstextiles\/","https:\/\/www.instagram.com\/ghislainegarcin\/","https:\/\/www.linkedin.com\/in\/ghislainegarcin\/"]}]}},"_links":{"self":[{"href":"https:\/\/www.ghislainegarcin.fr\/en\/wp-json\/wp\/v2\/product\/4191"}],"collection":[{"href":"https:\/\/www.ghislainegarcin.fr\/en\/wp-json\/wp\/v2\/product"}],"about":[{"href":"https:\/\/www.ghislainegarcin.fr\/en\/wp-json\/wp\/v2\/types\/product"}],"wp:featuredmedia":[{"embeddable":true,"href":"https:\/\/www.ghislainegarcin.fr\/en\/wp-json\/wp\/v2\/media\/4205"}],"wp:attachment":[{"href":"https:\/\/www.ghislainegarcin.fr\/en\/wp-json\/wp\/v2\/media?parent=4191"}],"wp:term":[{"taxonomy":"product_cat","embeddable":true,"href":"https:\/\/www.ghislainegarcin.fr\/en\/wp-json\/wp\/v2\/product_cat?post=4191"},{"taxonomy":"product_tag","embeddable":true,"href":"https:\/\/www.ghislainegarcin.fr\/en\/wp-json\/wp\/v2\/product_tag?post=4191"}],"curies":[{"name":"wp","href":"https:\/\/api.w.org\/{rel}","templated":true}]}}