{"id":4288,"date":"2024-12-11T19:32:32","date_gmt":"2024-12-11T18:32:32","guid":{"rendered":"https:\/\/www.ghislainegarcin.fr\/?post_type=product&#038;p=4288"},"modified":"2025-12-29T00:03:00","modified_gmt":"2025-12-28T23:03:00","slug":"galette-murale-couleur-vegetale","status":"publish","type":"product","link":"https:\/\/www.ghislainegarcin.fr\/en\/product\/galette-murale-couleur-vegetale\/","title":{"rendered":"Galette murale, couleur v\u00e9g\u00e9tale"},"content":{"rendered":"<p>Galettes murales maille &amp; feutre, habillent et isolent vos murs.<\/p>\n<ul>\n<li>100% wool, renewable and biodegradable yarns and fibres.<\/li>\n<li>Dimensions (env) : S \u00f828cm, M \u00f835cm, L \u00f845cm.<\/li>\n<li>Couleurs naturelles, teintures v\u00e9g\u00e9tales.<\/li>\n<li>Support bois, garnissage laine.<\/li>\n<\/ul>\n<p>Entirely handmade production method (wet felt) in limited edition with respect for the environment.<\/p>","protected":false},"excerpt":{"rendered":"<p>Galette ronde murale maille &amp; feutre, pure laine, teinture v\u00e9g\u00e9tale.<\/p>","protected":false},"featured_media":4302,"template":"","meta":[],"product_cat":[29],"product_tag":[],"yoast_head":"<!-- This site is optimized with the Yoast SEO plugin v23.5 - https:\/\/yoast.com\/wordpress\/plugins\/seo\/ -->\n<title>Galette murale, couleur v\u00e9g\u00e9tale | Ghislaine Garcin<\/title>\n<meta name=\"description\" content=\"Galette maille &amp; feutre pour d\u00e9corer vos murs et am\u00e9liorer l&#039;acoustique de vos int\u00e9rieurs. En feutre de laine et tricot, couleurs naturelles, teinture v\u00e9g\u00e9tale.\" \/>\n<meta name=\"robots\" content=\"index, follow, max-snippet:-1, max-image-preview:large, max-video-preview:-1\" \/>\n<link rel=\"canonical\" href=\"https:\/\/www.ghislainegarcin.fr\/en\/product\/galette-murale-couleur-vegetale\/\" \/>\n<meta property=\"og:locale\" content=\"en_GB\" \/>\n<meta property=\"og:type\" content=\"article\" \/>\n<meta property=\"og:title\" content=\"Galette murale, couleur v\u00e9g\u00e9tale | Ghislaine Garcin\" \/>\n<meta property=\"og:description\" content=\"Galette maille &amp; feutre pour d\u00e9corer vos murs et am\u00e9liorer l&#039;acoustique de vos int\u00e9rieurs. En feutre de laine et tricot, couleurs naturelles, teinture v\u00e9g\u00e9tale.\" \/>\n<meta property=\"og:url\" content=\"https:\/\/www.ghislainegarcin.fr\/en\/product\/galette-murale-couleur-vegetale\/\" \/>\n<meta property=\"og:site_name\" content=\"Ghislaine Garcin\" \/>\n<meta property=\"article:publisher\" content=\"https:\/\/www.facebook.com\/ghislainegarcin.creationstextiles\/\" \/>\n<meta property=\"article:modified_time\" content=\"2025-12-28T23:03:00+00:00\" \/>\n<meta property=\"og:image\" content=\"https:\/\/www.ghislainegarcin.fr\/wp-content\/uploads\/2024\/12\/pieces-murales-feutre-general-3010C-copie.jpg\" \/>\n\t<meta property=\"og:image:width\" content=\"1041\" \/>\n\t<meta property=\"og:image:height\" content=\"1041\" \/>\n\t<meta property=\"og:image:type\" content=\"image\/jpeg\" \/>\n<meta name=\"twitter:card\" content=\"summary_large_image\" \/>\n<meta name=\"twitter:label1\" content=\"Estimated reading time\" \/>\n\t<meta name=\"twitter:data1\" content=\"1 minute\" \/>\n<script type=\"application\/ld+json\" class=\"yoast-schema-graph\">{\"@context\":\"https:\/\/schema.org\",\"@graph\":[{\"@type\":\"WebPage\",\"@id\":\"https:\/\/www.ghislainegarcin.fr\/produit\/galette-murale-couleur-vegetale\/\",\"url\":\"https:\/\/www.ghislainegarcin.fr\/produit\/galette-murale-couleur-vegetale\/\",\"name\":\"Galette murale, couleur v\u00e9g\u00e9tale | Ghislaine Garcin\",\"isPartOf\":{\"@id\":\"https:\/\/www.ghislainegarcin.fr\/#website\"},\"primaryImageOfPage\":{\"@id\":\"https:\/\/www.ghislainegarcin.fr\/produit\/galette-murale-couleur-vegetale\/#primaryimage\"},\"image\":{\"@id\":\"https:\/\/www.ghislainegarcin.fr\/produit\/galette-murale-couleur-vegetale\/#primaryimage\"},\"thumbnailUrl\":\"https:\/\/www.ghislainegarcin.fr\/wp-content\/uploads\/2024\/12\/pieces-murales-feutre-general-3010C-copie.jpg\",\"datePublished\":\"2024-12-11T18:32:32+00:00\",\"dateModified\":\"2025-12-28T23:03:00+00:00\",\"description\":\"Galette maille & feutre pour d\u00e9corer vos murs et am\u00e9liorer l'acoustique de vos int\u00e9rieurs. En feutre de laine et tricot, couleurs naturelles, teinture v\u00e9g\u00e9tale.\",\"breadcrumb\":{\"@id\":\"https:\/\/www.ghislainegarcin.fr\/produit\/galette-murale-couleur-vegetale\/#breadcrumb\"},\"inLanguage\":\"en-GB\",\"potentialAction\":[{\"@type\":\"ReadAction\",\"target\":[\"https:\/\/www.ghislainegarcin.fr\/produit\/galette-murale-couleur-vegetale\/\"]}]},{\"@type\":\"ImageObject\",\"inLanguage\":\"en-GB\",\"@id\":\"https:\/\/www.ghislainegarcin.fr\/produit\/galette-murale-couleur-vegetale\/#primaryimage\",\"url\":\"https:\/\/www.ghislainegarcin.fr\/wp-content\/uploads\/2024\/12\/pieces-murales-feutre-general-3010C-copie.jpg\",\"contentUrl\":\"https:\/\/www.ghislainegarcin.fr\/wp-content\/uploads\/2024\/12\/pieces-murales-feutre-general-3010C-copie.jpg\",\"width\":1041,\"height\":1041},{\"@type\":\"BreadcrumbList\",\"@id\":\"https:\/\/www.ghislainegarcin.fr\/produit\/galette-murale-couleur-vegetale\/#breadcrumb\",\"itemListElement\":[{\"@type\":\"ListItem\",\"position\":1,\"name\":\"Accueil\",\"item\":\"https:\/\/www.ghislainegarcin.fr\/\"},{\"@type\":\"ListItem\",\"position\":2,\"name\":\"Boutique\",\"item\":\"https:\/\/www.ghislainegarcin.fr\/boutique\/\"},{\"@type\":\"ListItem\",\"position\":3,\"name\":\"Galette murale, couleur v\u00e9g\u00e9tale\"}]},{\"@type\":\"WebSite\",\"@id\":\"https:\/\/www.ghislainegarcin.fr\/#website\",\"url\":\"https:\/\/www.ghislainegarcin.fr\/\",\"name\":\"Ghislaine Garcin\",\"description\":\"feutre art textile\",\"publisher\":{\"@id\":\"https:\/\/www.ghislainegarcin.fr\/#organization\"},\"potentialAction\":[{\"@type\":\"SearchAction\",\"target\":{\"@type\":\"EntryPoint\",\"urlTemplate\":\"https:\/\/www.ghislainegarcin.fr\/?s={search_term_string}\"},\"query-input\":{\"@type\":\"PropertyValueSpecification\",\"valueRequired\":true,\"valueName\":\"search_term_string\"}}],\"inLanguage\":\"en-GB\"},{\"@type\":\"Organization\",\"@id\":\"https:\/\/www.ghislainegarcin.fr\/#organization\",\"name\":\"Ghislaine Garcin\",\"url\":\"https:\/\/www.ghislainegarcin.fr\/\",\"logo\":{\"@type\":\"ImageObject\",\"inLanguage\":\"en-GB\",\"@id\":\"https:\/\/www.ghislainegarcin.fr\/#\/schema\/logo\/image\/\",\"url\":\"https:\/\/www.ghislainegarcin.fr\/wp-content\/uploads\/2025\/10\/cropped-newlogofeutrearttextileBD.jpg\",\"contentUrl\":\"https:\/\/www.ghislainegarcin.fr\/wp-content\/uploads\/2025\/10\/cropped-newlogofeutrearttextileBD.jpg\",\"width\":384,\"height\":108,\"caption\":\"Ghislaine Garcin\"},\"image\":{\"@id\":\"https:\/\/www.ghislainegarcin.fr\/#\/schema\/logo\/image\/\"},\"sameAs\":[\"https:\/\/www.facebook.com\/ghislainegarcin.creationstextiles\/\",\"https:\/\/www.instagram.com\/ghislainegarcin\/\",\"https:\/\/www.linkedin.com\/in\/ghislainegarcin\/\"]}]}<\/script>\n<!-- \/ Yoast SEO plugin. -->","yoast_head_json":{"title":"Galette murale, couleur v\u00e9g\u00e9tale | Ghislaine Garcin","description":"Galette maille & feutre pour d\u00e9corer vos murs et am\u00e9liorer l'acoustique de vos int\u00e9rieurs. En feutre de laine et tricot, couleurs naturelles, teinture v\u00e9g\u00e9tale.","robots":{"index":"index","follow":"follow","max-snippet":"max-snippet:-1","max-image-preview":"max-image-preview:large","max-video-preview":"max-video-preview:-1"},"canonical":"https:\/\/www.ghislainegarcin.fr\/en\/product\/galette-murale-couleur-vegetale\/","og_locale":"en_GB","og_type":"article","og_title":"Galette murale, couleur v\u00e9g\u00e9tale | Ghislaine Garcin","og_description":"Galette maille & feutre pour d\u00e9corer vos murs et am\u00e9liorer l'acoustique de vos int\u00e9rieurs. En feutre de laine et tricot, couleurs naturelles, teinture v\u00e9g\u00e9tale.","og_url":"https:\/\/www.ghislainegarcin.fr\/en\/product\/galette-murale-couleur-vegetale\/","og_site_name":"Ghislaine Garcin","article_publisher":"https:\/\/www.facebook.com\/ghislainegarcin.creationstextiles\/","article_modified_time":"2025-12-28T23:03:00+00:00","og_image":[{"width":1041,"height":1041,"url":"https:\/\/www.ghislainegarcin.fr\/wp-content\/uploads\/2024\/12\/pieces-murales-feutre-general-3010C-copie.jpg","type":"image\/jpeg"}],"twitter_card":"summary_large_image","twitter_misc":{"Estimated reading time":"1 minute"},"schema":{"@context":"https:\/\/schema.org","@graph":[{"@type":"WebPage","@id":"https:\/\/www.ghislainegarcin.fr\/produit\/galette-murale-couleur-vegetale\/","url":"https:\/\/www.ghislainegarcin.fr\/produit\/galette-murale-couleur-vegetale\/","name":"Galette murale, couleur v\u00e9g\u00e9tale | Ghislaine Garcin","isPartOf":{"@id":"https:\/\/www.ghislainegarcin.fr\/#website"},"primaryImageOfPage":{"@id":"https:\/\/www.ghislainegarcin.fr\/produit\/galette-murale-couleur-vegetale\/#primaryimage"},"image":{"@id":"https:\/\/www.ghislainegarcin.fr\/produit\/galette-murale-couleur-vegetale\/#primaryimage"},"thumbnailUrl":"https:\/\/www.ghislainegarcin.fr\/wp-content\/uploads\/2024\/12\/pieces-murales-feutre-general-3010C-copie.jpg","datePublished":"2024-12-11T18:32:32+00:00","dateModified":"2025-12-28T23:03:00+00:00","description":"Galette maille & feutre pour d\u00e9corer vos murs et am\u00e9liorer l'acoustique de vos int\u00e9rieurs. En feutre de laine et tricot, couleurs naturelles, teinture v\u00e9g\u00e9tale.","breadcrumb":{"@id":"https:\/\/www.ghislainegarcin.fr\/produit\/galette-murale-couleur-vegetale\/#breadcrumb"},"inLanguage":"en-GB","potentialAction":[{"@type":"ReadAction","target":["https:\/\/www.ghislainegarcin.fr\/produit\/galette-murale-couleur-vegetale\/"]}]},{"@type":"ImageObject","inLanguage":"en-GB","@id":"https:\/\/www.ghislainegarcin.fr\/produit\/galette-murale-couleur-vegetale\/#primaryimage","url":"https:\/\/www.ghislainegarcin.fr\/wp-content\/uploads\/2024\/12\/pieces-murales-feutre-general-3010C-copie.jpg","contentUrl":"https:\/\/www.ghislainegarcin.fr\/wp-content\/uploads\/2024\/12\/pieces-murales-feutre-general-3010C-copie.jpg","width":1041,"height":1041},{"@type":"BreadcrumbList","@id":"https:\/\/www.ghislainegarcin.fr\/produit\/galette-murale-couleur-vegetale\/#breadcrumb","itemListElement":[{"@type":"ListItem","position":1,"name":"Accueil","item":"https:\/\/www.ghislainegarcin.fr\/"},{"@type":"ListItem","position":2,"name":"Boutique","item":"https:\/\/www.ghislainegarcin.fr\/boutique\/"},{"@type":"ListItem","position":3,"name":"Galette murale, couleur v\u00e9g\u00e9tale"}]},{"@type":"WebSite","@id":"https:\/\/www.ghislainegarcin.fr\/#website","url":"https:\/\/www.ghislainegarcin.fr\/","name":"Ghislaine Garcin","description":"feutre art textile","publisher":{"@id":"https:\/\/www.ghislainegarcin.fr\/#organization"},"potentialAction":[{"@type":"SearchAction","target":{"@type":"EntryPoint","urlTemplate":"https:\/\/www.ghislainegarcin.fr\/?s={search_term_string}"},"query-input":{"@type":"PropertyValueSpecification","valueRequired":true,"valueName":"search_term_string"}}],"inLanguage":"en-GB"},{"@type":"Organization","@id":"https:\/\/www.ghislainegarcin.fr\/#organization","name":"Ghislaine Garcin","url":"https:\/\/www.ghislainegarcin.fr\/","logo":{"@type":"ImageObject","inLanguage":"en-GB","@id":"https:\/\/www.ghislainegarcin.fr\/#\/schema\/logo\/image\/","url":"https:\/\/www.ghislainegarcin.fr\/wp-content\/uploads\/2025\/10\/cropped-newlogofeutrearttextileBD.jpg","contentUrl":"https:\/\/www.ghislainegarcin.fr\/wp-content\/uploads\/2025\/10\/cropped-newlogofeutrearttextileBD.jpg","width":384,"height":108,"caption":"Ghislaine Garcin"},"image":{"@id":"https:\/\/www.ghislainegarcin.fr\/#\/schema\/logo\/image\/"},"sameAs":["https:\/\/www.facebook.com\/ghislainegarcin.creationstextiles\/","https:\/\/www.instagram.com\/ghislainegarcin\/","https:\/\/www.linkedin.com\/in\/ghislainegarcin\/"]}]}},"_links":{"self":[{"href":"https:\/\/www.ghislainegarcin.fr\/en\/wp-json\/wp\/v2\/product\/4288"}],"collection":[{"href":"https:\/\/www.ghislainegarcin.fr\/en\/wp-json\/wp\/v2\/product"}],"about":[{"href":"https:\/\/www.ghislainegarcin.fr\/en\/wp-json\/wp\/v2\/types\/product"}],"wp:featuredmedia":[{"embeddable":true,"href":"https:\/\/www.ghislainegarcin.fr\/en\/wp-json\/wp\/v2\/media\/4302"}],"wp:attachment":[{"href":"https:\/\/www.ghislainegarcin.fr\/en\/wp-json\/wp\/v2\/media?parent=4288"}],"wp:term":[{"taxonomy":"product_cat","embeddable":true,"href":"https:\/\/www.ghislainegarcin.fr\/en\/wp-json\/wp\/v2\/product_cat?post=4288"},{"taxonomy":"product_tag","embeddable":true,"href":"https:\/\/www.ghislainegarcin.fr\/en\/wp-json\/wp\/v2\/product_tag?post=4288"}],"curies":[{"name":"wp","href":"https:\/\/api.w.org\/{rel}","templated":true}]}}