{"id":4346,"date":"2024-12-19T19:53:14","date_gmt":"2024-12-19T18:53:14","guid":{"rendered":"https:\/\/www.ghislainegarcin.fr\/?post_type=product&#038;p=4346"},"modified":"2025-12-29T00:02:57","modified_gmt":"2025-12-28T23:02:57","slug":"tapis-en-feutre-gris-brun","status":"publish","type":"product","link":"https:\/\/www.ghislainegarcin.fr\/en\/product\/tapis-en-feutre-gris-brun\/","title":{"rendered":"Tapis en feutre Gris\/Brun"},"content":{"rendered":"<p>Tapis en feutre pure laine, de forme rectangulaire.<br \/>\nDimension 118 x 165 cm.<br \/>\nColoris Gris Brun.<\/p>\n<h3>Un feutre textur\u00e9 et unique en raison de la pr\u00e9sence de la maille<\/h3>\n<p>Nos tapis ou tentures murales faits main, combinent deux techniques, le tricot et la laine feutr\u00e9e. Feutrage ensemble et en m\u00eame temps de fibres de laine brutes et de fils tricot\u00e9s.<\/p>\n<h3>Fabrication artisanale<\/h3>\n<p>Le mode de production, enti\u00e8rement artisanal en \u00e9dition limit\u00e9e, et les mati\u00e8res utilis\u00e9es respectent l&rsquo;environnement. La laine prot\u00e8ge nos int\u00e9rieurs comme notre environnement par ses propri\u00e9t\u00e9s naturelles et son caract\u00e8re durable.<\/p>\n<h3>R\u00e9alisation sur mesure<\/h3>\n<p>Les pi\u00e8ces peuvent \u00eatre r\u00e9alis\u00e9es sur mesure en diff\u00e9rents coloris, formes et formats afin de s&rsquo;adapter \u00e0 tous les espaces.<\/p>","protected":false},"excerpt":{"rendered":"<p>Tapis en feutre de laine Gris\/Brun. Les tons sobres s&rsquo;adaptent \u00e0 tous les int\u00e9rieurs.<\/p>","protected":false},"featured_media":4347,"template":"","meta":[],"product_cat":[26],"product_tag":[],"yoast_head":"<!-- This site is optimized with the Yoast SEO plugin v23.5 - https:\/\/yoast.com\/wordpress\/plugins\/seo\/ -->\n<title>Tapis en feutre Gris\/Brun | Ghislaine Garcin<\/title>\n<meta name=\"description\" content=\"Tapis et\/ou tentures mettent particuli\u00e8rement \u00e0 l\u2019honneur le travail de la mati\u00e8re qui associe le tricot et le feutre leur donnant ainsi une texture singuli\u00e8re et \u00e9l\u00e9gantes.Les motifs et les compositions aux couleurs nuanc\u00e9es participeront \u00e0 l\u2019atmosph\u00e8re tant\u00f4t douce et intimiste, tant\u00f4t \u00e9l\u00e9gante et recherch\u00e9e mais toujours chaleureuse et authentique de vos int\u00e9rieurs.\" \/>\n<meta name=\"robots\" content=\"index, follow, max-snippet:-1, max-image-preview:large, max-video-preview:-1\" \/>\n<link rel=\"canonical\" href=\"https:\/\/www.ghislainegarcin.fr\/en\/product\/tapis-en-feutre-gris-brun\/\" \/>\n<meta property=\"og:locale\" content=\"en_GB\" \/>\n<meta property=\"og:type\" content=\"article\" \/>\n<meta property=\"og:title\" content=\"Tapis en feutre Gris\/Brun | Ghislaine Garcin\" \/>\n<meta property=\"og:description\" content=\"Tapis et\/ou tentures mettent particuli\u00e8rement \u00e0 l\u2019honneur le travail de la mati\u00e8re qui associe le tricot et le feutre leur donnant ainsi une texture singuli\u00e8re et \u00e9l\u00e9gantes.Les motifs et les compositions aux couleurs nuanc\u00e9es participeront \u00e0 l\u2019atmosph\u00e8re tant\u00f4t douce et intimiste, tant\u00f4t \u00e9l\u00e9gante et recherch\u00e9e mais toujours chaleureuse et authentique de vos int\u00e9rieurs.\" \/>\n<meta property=\"og:url\" content=\"https:\/\/www.ghislainegarcin.fr\/en\/product\/tapis-en-feutre-gris-brun\/\" \/>\n<meta property=\"og:site_name\" content=\"Ghislaine Garcin\" \/>\n<meta property=\"article:publisher\" content=\"https:\/\/www.facebook.com\/ghislainegarcin.creationstextiles\/\" \/>\n<meta property=\"article:modified_time\" content=\"2025-12-28T23:02:57+00:00\" \/>\n<meta property=\"og:image\" content=\"https:\/\/www.ghislainegarcin.fr\/wp-content\/uploads\/2024\/12\/tapisfeutreensitu.jpg\" \/>\n\t<meta property=\"og:image:width\" content=\"800\" \/>\n\t<meta property=\"og:image:height\" content=\"800\" \/>\n\t<meta property=\"og:image:type\" content=\"image\/jpeg\" \/>\n<meta name=\"twitter:card\" content=\"summary_large_image\" \/>\n<meta name=\"twitter:label1\" content=\"Estimated reading time\" \/>\n\t<meta name=\"twitter:data1\" content=\"1 minute\" \/>\n<script type=\"application\/ld+json\" class=\"yoast-schema-graph\">{\"@context\":\"https:\/\/schema.org\",\"@graph\":[{\"@type\":\"WebPage\",\"@id\":\"https:\/\/www.ghislainegarcin.fr\/produit\/tapis-en-feutre-gris-brun\/\",\"url\":\"https:\/\/www.ghislainegarcin.fr\/produit\/tapis-en-feutre-gris-brun\/\",\"name\":\"Tapis en feutre Gris\/Brun | Ghislaine Garcin\",\"isPartOf\":{\"@id\":\"https:\/\/www.ghislainegarcin.fr\/#website\"},\"primaryImageOfPage\":{\"@id\":\"https:\/\/www.ghislainegarcin.fr\/produit\/tapis-en-feutre-gris-brun\/#primaryimage\"},\"image\":{\"@id\":\"https:\/\/www.ghislainegarcin.fr\/produit\/tapis-en-feutre-gris-brun\/#primaryimage\"},\"thumbnailUrl\":\"https:\/\/www.ghislainegarcin.fr\/wp-content\/uploads\/2024\/12\/tapisfeutreensitu.jpg\",\"datePublished\":\"2024-12-19T18:53:14+00:00\",\"dateModified\":\"2025-12-28T23:02:57+00:00\",\"description\":\"Tapis et\/ou tentures mettent particuli\u00e8rement \u00e0 l\u2019honneur le travail de la mati\u00e8re qui associe le tricot et le feutre leur donnant ainsi une texture singuli\u00e8re et \u00e9l\u00e9gantes.Les motifs et les compositions aux couleurs nuanc\u00e9es participeront \u00e0 l\u2019atmosph\u00e8re tant\u00f4t douce et intimiste, tant\u00f4t \u00e9l\u00e9gante et recherch\u00e9e mais toujours chaleureuse et authentique de vos int\u00e9rieurs.\",\"breadcrumb\":{\"@id\":\"https:\/\/www.ghislainegarcin.fr\/produit\/tapis-en-feutre-gris-brun\/#breadcrumb\"},\"inLanguage\":\"en-GB\",\"potentialAction\":[{\"@type\":\"ReadAction\",\"target\":[\"https:\/\/www.ghislainegarcin.fr\/produit\/tapis-en-feutre-gris-brun\/\"]}]},{\"@type\":\"ImageObject\",\"inLanguage\":\"en-GB\",\"@id\":\"https:\/\/www.ghislainegarcin.fr\/produit\/tapis-en-feutre-gris-brun\/#primaryimage\",\"url\":\"https:\/\/www.ghislainegarcin.fr\/wp-content\/uploads\/2024\/12\/tapisfeutreensitu.jpg\",\"contentUrl\":\"https:\/\/www.ghislainegarcin.fr\/wp-content\/uploads\/2024\/12\/tapisfeutreensitu.jpg\",\"width\":800,\"height\":800},{\"@type\":\"BreadcrumbList\",\"@id\":\"https:\/\/www.ghislainegarcin.fr\/produit\/tapis-en-feutre-gris-brun\/#breadcrumb\",\"itemListElement\":[{\"@type\":\"ListItem\",\"position\":1,\"name\":\"Accueil\",\"item\":\"https:\/\/www.ghislainegarcin.fr\/\"},{\"@type\":\"ListItem\",\"position\":2,\"name\":\"Boutique\",\"item\":\"https:\/\/www.ghislainegarcin.fr\/boutique\/\"},{\"@type\":\"ListItem\",\"position\":3,\"name\":\"Tapis en feutre Gris\/Brun\"}]},{\"@type\":\"WebSite\",\"@id\":\"https:\/\/www.ghislainegarcin.fr\/#website\",\"url\":\"https:\/\/www.ghislainegarcin.fr\/\",\"name\":\"Ghislaine Garcin\",\"description\":\"feutre art textile\",\"publisher\":{\"@id\":\"https:\/\/www.ghislainegarcin.fr\/#organization\"},\"potentialAction\":[{\"@type\":\"SearchAction\",\"target\":{\"@type\":\"EntryPoint\",\"urlTemplate\":\"https:\/\/www.ghislainegarcin.fr\/?s={search_term_string}\"},\"query-input\":{\"@type\":\"PropertyValueSpecification\",\"valueRequired\":true,\"valueName\":\"search_term_string\"}}],\"inLanguage\":\"en-GB\"},{\"@type\":\"Organization\",\"@id\":\"https:\/\/www.ghislainegarcin.fr\/#organization\",\"name\":\"Ghislaine Garcin\",\"url\":\"https:\/\/www.ghislainegarcin.fr\/\",\"logo\":{\"@type\":\"ImageObject\",\"inLanguage\":\"en-GB\",\"@id\":\"https:\/\/www.ghislainegarcin.fr\/#\/schema\/logo\/image\/\",\"url\":\"https:\/\/www.ghislainegarcin.fr\/wp-content\/uploads\/2025\/10\/cropped-newlogofeutrearttextileBD.jpg\",\"contentUrl\":\"https:\/\/www.ghislainegarcin.fr\/wp-content\/uploads\/2025\/10\/cropped-newlogofeutrearttextileBD.jpg\",\"width\":384,\"height\":108,\"caption\":\"Ghislaine Garcin\"},\"image\":{\"@id\":\"https:\/\/www.ghislainegarcin.fr\/#\/schema\/logo\/image\/\"},\"sameAs\":[\"https:\/\/www.facebook.com\/ghislainegarcin.creationstextiles\/\",\"https:\/\/www.instagram.com\/ghislainegarcin\/\",\"https:\/\/www.linkedin.com\/in\/ghislainegarcin\/\"]}]}<\/script>\n<!-- \/ Yoast SEO plugin. -->","yoast_head_json":{"title":"Tapis en feutre Gris\/Brun | Ghislaine Garcin","description":"Tapis et\/ou tentures mettent particuli\u00e8rement \u00e0 l\u2019honneur le travail de la mati\u00e8re qui associe le tricot et le feutre leur donnant ainsi une texture singuli\u00e8re et \u00e9l\u00e9gantes.Les motifs et les compositions aux couleurs nuanc\u00e9es participeront \u00e0 l\u2019atmosph\u00e8re tant\u00f4t douce et intimiste, tant\u00f4t \u00e9l\u00e9gante et recherch\u00e9e mais toujours chaleureuse et authentique de vos int\u00e9rieurs.","robots":{"index":"index","follow":"follow","max-snippet":"max-snippet:-1","max-image-preview":"max-image-preview:large","max-video-preview":"max-video-preview:-1"},"canonical":"https:\/\/www.ghislainegarcin.fr\/en\/product\/tapis-en-feutre-gris-brun\/","og_locale":"en_GB","og_type":"article","og_title":"Tapis en feutre Gris\/Brun | Ghislaine Garcin","og_description":"Tapis et\/ou tentures mettent particuli\u00e8rement \u00e0 l\u2019honneur le travail de la mati\u00e8re qui associe le tricot et le feutre leur donnant ainsi une texture singuli\u00e8re et \u00e9l\u00e9gantes.Les motifs et les compositions aux couleurs nuanc\u00e9es participeront \u00e0 l\u2019atmosph\u00e8re tant\u00f4t douce et intimiste, tant\u00f4t \u00e9l\u00e9gante et recherch\u00e9e mais toujours chaleureuse et authentique de vos int\u00e9rieurs.","og_url":"https:\/\/www.ghislainegarcin.fr\/en\/product\/tapis-en-feutre-gris-brun\/","og_site_name":"Ghislaine Garcin","article_publisher":"https:\/\/www.facebook.com\/ghislainegarcin.creationstextiles\/","article_modified_time":"2025-12-28T23:02:57+00:00","og_image":[{"width":800,"height":800,"url":"https:\/\/www.ghislainegarcin.fr\/wp-content\/uploads\/2024\/12\/tapisfeutreensitu.jpg","type":"image\/jpeg"}],"twitter_card":"summary_large_image","twitter_misc":{"Estimated reading time":"1 minute"},"schema":{"@context":"https:\/\/schema.org","@graph":[{"@type":"WebPage","@id":"https:\/\/www.ghislainegarcin.fr\/produit\/tapis-en-feutre-gris-brun\/","url":"https:\/\/www.ghislainegarcin.fr\/produit\/tapis-en-feutre-gris-brun\/","name":"Tapis en feutre Gris\/Brun | Ghislaine Garcin","isPartOf":{"@id":"https:\/\/www.ghislainegarcin.fr\/#website"},"primaryImageOfPage":{"@id":"https:\/\/www.ghislainegarcin.fr\/produit\/tapis-en-feutre-gris-brun\/#primaryimage"},"image":{"@id":"https:\/\/www.ghislainegarcin.fr\/produit\/tapis-en-feutre-gris-brun\/#primaryimage"},"thumbnailUrl":"https:\/\/www.ghislainegarcin.fr\/wp-content\/uploads\/2024\/12\/tapisfeutreensitu.jpg","datePublished":"2024-12-19T18:53:14+00:00","dateModified":"2025-12-28T23:02:57+00:00","description":"Tapis et\/ou tentures mettent particuli\u00e8rement \u00e0 l\u2019honneur le travail de la mati\u00e8re qui associe le tricot et le feutre leur donnant ainsi une texture singuli\u00e8re et \u00e9l\u00e9gantes.Les motifs et les compositions aux couleurs nuanc\u00e9es participeront \u00e0 l\u2019atmosph\u00e8re tant\u00f4t douce et intimiste, tant\u00f4t \u00e9l\u00e9gante et recherch\u00e9e mais toujours chaleureuse et authentique de vos int\u00e9rieurs.","breadcrumb":{"@id":"https:\/\/www.ghislainegarcin.fr\/produit\/tapis-en-feutre-gris-brun\/#breadcrumb"},"inLanguage":"en-GB","potentialAction":[{"@type":"ReadAction","target":["https:\/\/www.ghislainegarcin.fr\/produit\/tapis-en-feutre-gris-brun\/"]}]},{"@type":"ImageObject","inLanguage":"en-GB","@id":"https:\/\/www.ghislainegarcin.fr\/produit\/tapis-en-feutre-gris-brun\/#primaryimage","url":"https:\/\/www.ghislainegarcin.fr\/wp-content\/uploads\/2024\/12\/tapisfeutreensitu.jpg","contentUrl":"https:\/\/www.ghislainegarcin.fr\/wp-content\/uploads\/2024\/12\/tapisfeutreensitu.jpg","width":800,"height":800},{"@type":"BreadcrumbList","@id":"https:\/\/www.ghislainegarcin.fr\/produit\/tapis-en-feutre-gris-brun\/#breadcrumb","itemListElement":[{"@type":"ListItem","position":1,"name":"Accueil","item":"https:\/\/www.ghislainegarcin.fr\/"},{"@type":"ListItem","position":2,"name":"Boutique","item":"https:\/\/www.ghislainegarcin.fr\/boutique\/"},{"@type":"ListItem","position":3,"name":"Tapis en feutre Gris\/Brun"}]},{"@type":"WebSite","@id":"https:\/\/www.ghislainegarcin.fr\/#website","url":"https:\/\/www.ghislainegarcin.fr\/","name":"Ghislaine Garcin","description":"feutre art textile","publisher":{"@id":"https:\/\/www.ghislainegarcin.fr\/#organization"},"potentialAction":[{"@type":"SearchAction","target":{"@type":"EntryPoint","urlTemplate":"https:\/\/www.ghislainegarcin.fr\/?s={search_term_string}"},"query-input":{"@type":"PropertyValueSpecification","valueRequired":true,"valueName":"search_term_string"}}],"inLanguage":"en-GB"},{"@type":"Organization","@id":"https:\/\/www.ghislainegarcin.fr\/#organization","name":"Ghislaine Garcin","url":"https:\/\/www.ghislainegarcin.fr\/","logo":{"@type":"ImageObject","inLanguage":"en-GB","@id":"https:\/\/www.ghislainegarcin.fr\/#\/schema\/logo\/image\/","url":"https:\/\/www.ghislainegarcin.fr\/wp-content\/uploads\/2025\/10\/cropped-newlogofeutrearttextileBD.jpg","contentUrl":"https:\/\/www.ghislainegarcin.fr\/wp-content\/uploads\/2025\/10\/cropped-newlogofeutrearttextileBD.jpg","width":384,"height":108,"caption":"Ghislaine Garcin"},"image":{"@id":"https:\/\/www.ghislainegarcin.fr\/#\/schema\/logo\/image\/"},"sameAs":["https:\/\/www.facebook.com\/ghislainegarcin.creationstextiles\/","https:\/\/www.instagram.com\/ghislainegarcin\/","https:\/\/www.linkedin.com\/in\/ghislainegarcin\/"]}]}},"_links":{"self":[{"href":"https:\/\/www.ghislainegarcin.fr\/en\/wp-json\/wp\/v2\/product\/4346"}],"collection":[{"href":"https:\/\/www.ghislainegarcin.fr\/en\/wp-json\/wp\/v2\/product"}],"about":[{"href":"https:\/\/www.ghislainegarcin.fr\/en\/wp-json\/wp\/v2\/types\/product"}],"wp:featuredmedia":[{"embeddable":true,"href":"https:\/\/www.ghislainegarcin.fr\/en\/wp-json\/wp\/v2\/media\/4347"}],"wp:attachment":[{"href":"https:\/\/www.ghislainegarcin.fr\/en\/wp-json\/wp\/v2\/media?parent=4346"}],"wp:term":[{"taxonomy":"product_cat","embeddable":true,"href":"https:\/\/www.ghislainegarcin.fr\/en\/wp-json\/wp\/v2\/product_cat?post=4346"},{"taxonomy":"product_tag","embeddable":true,"href":"https:\/\/www.ghislainegarcin.fr\/en\/wp-json\/wp\/v2\/product_tag?post=4346"}],"curies":[{"name":"wp","href":"https:\/\/api.w.org\/{rel}","templated":true}]}}