{"id":4363,"date":"2024-12-20T17:13:20","date_gmt":"2024-12-20T16:13:20","guid":{"rendered":"https:\/\/www.ghislainegarcin.fr\/?post_type=product&#038;p=4363"},"modified":"2025-12-29T00:02:57","modified_gmt":"2025-12-28T23:02:57","slug":"tapis-fragments-teinture-vegetale","status":"publish","type":"product","link":"https:\/\/www.ghislainegarcin.fr\/en\/product\/tapis-fragments-teinture-vegetale\/","title":{"rendered":"Tapis Fragments, teinture v\u00e9g\u00e9tale"},"content":{"rendered":"<p>Collection Fragments, g\u00e9om\u00e9trie contrari\u00e9e et teintes organiques<\/p>\n<p>En feutre de laine fait-main et couleurs naturelles ou v\u00e9g\u00e9tales<br \/>\n&#8211; laine Bergshaff pour le feutre, couleur du mouton brun fonc\u00e9<br \/>\n&#8211; fils M\u00e9rinos d&rsquo;Arles teints en couleurs v\u00e9g\u00e9tales : brun clair, ocre et indigo<\/p>\n<p>Dimensions : 160 X 280 cm<br \/>\nEn trois parties : deux sont assembl\u00e9es cousues par un point de broderie, la troisi\u00e8me est libre (mais peut \u00eatre cousue sur demande)<br \/>\nAu sol ou au mur (en tenture, elle peut \u00eatre positionn\u00e9e en angle)<\/p>\n<h3>Un feutre textur\u00e9 et unique en raison de la pr\u00e9sence de la maille<\/h3>\n<p>Nos tapis ou tentures murales faits main, combinent deux techniques, le tricot et la laine feutr\u00e9e. Feutrage ensemble et en m\u00eame temps de fibres de laine brutes et de fils tricot\u00e9s.<\/p>\n<h3>Fabrication artisanale<\/h3>\n<p>Le mode de production, enti\u00e8rement artisanal en \u00e9dition limit\u00e9e, et les mati\u00e8res utilis\u00e9es respectent l&rsquo;environnement. La laine prot\u00e8ge nos int\u00e9rieurs comme notre environnement par ses propri\u00e9t\u00e9s naturelles et son caract\u00e8re durable. Par ailleurs, avec l\u2019introduction de la couleur v\u00e9g\u00e9tale dans cette collection, l\u2019atelier a franchi un nouveau pas dans la direction du design responsable.<\/p>\n<h3>R\u00e9alisation sur mesure<\/h3>\n<p>Les pi\u00e8ces peuvent \u00eatre r\u00e9alis\u00e9es sur mesure en diff\u00e9rents coloris, formes et formats afin de s&rsquo;adapter \u00e0 tous les espaces.<\/p>","protected":false},"excerpt":{"rendered":"<p>Int\u00e9gralement con\u00e7u en couleurs naturelles, le tapis Fragment fait \u00e9cho \u00e0 notre d\u00e9sir profond de retour \u00e0 l&rsquo;essentiel.<\/p>","protected":false},"featured_media":4367,"template":"","meta":[],"product_cat":[26],"product_tag":[],"yoast_head":"<!-- This site is optimized with the Yoast SEO plugin v23.5 - https:\/\/yoast.com\/wordpress\/plugins\/seo\/ -->\n<title>Tapis Fragments, teinture v\u00e9g\u00e9tale | feutre de laine | Ghislaine Garcin<\/title>\n<meta name=\"description\" content=\"Int\u00e9gralement con\u00e7u en couleurs naturelles ou v\u00e9g\u00e9tales, le tapis Fragments en feutre de laine fait \u00e9cho \u00e0 notre d\u00e9sir profond de retour \u00e0 l&#039;essentiel.\" \/>\n<meta name=\"robots\" content=\"index, follow, max-snippet:-1, max-image-preview:large, max-video-preview:-1\" \/>\n<link rel=\"canonical\" href=\"https:\/\/www.ghislainegarcin.fr\/en\/product\/tapis-fragments-teinture-vegetale\/\" \/>\n<meta property=\"og:locale\" content=\"en_GB\" \/>\n<meta property=\"og:type\" content=\"article\" \/>\n<meta property=\"og:title\" content=\"Tapis Fragments, teinture v\u00e9g\u00e9tale | feutre de laine | Ghislaine Garcin\" \/>\n<meta property=\"og:description\" content=\"Int\u00e9gralement con\u00e7u en couleurs naturelles ou v\u00e9g\u00e9tales, le tapis Fragments en feutre de laine fait \u00e9cho \u00e0 notre d\u00e9sir profond de retour \u00e0 l&#039;essentiel.\" \/>\n<meta property=\"og:url\" content=\"https:\/\/www.ghislainegarcin.fr\/en\/product\/tapis-fragments-teinture-vegetale\/\" \/>\n<meta property=\"og:site_name\" content=\"Ghislaine Garcin\" \/>\n<meta property=\"article:publisher\" content=\"https:\/\/www.facebook.com\/ghislainegarcin.creationstextiles\/\" \/>\n<meta property=\"article:modified_time\" content=\"2025-12-28T23:02:57+00:00\" \/>\n<meta property=\"og:image\" content=\"https:\/\/www.ghislainegarcin.fr\/wp-content\/uploads\/2024\/12\/Tapis-fragments-feutre-laine-tricot.jpg\" \/>\n\t<meta property=\"og:image:width\" content=\"1300\" \/>\n\t<meta property=\"og:image:height\" content=\"1300\" \/>\n\t<meta property=\"og:image:type\" content=\"image\/jpeg\" \/>\n<meta name=\"twitter:card\" content=\"summary_large_image\" \/>\n<meta name=\"twitter:label1\" content=\"Estimated reading time\" \/>\n\t<meta name=\"twitter:data1\" content=\"2 minutes\" \/>\n<script type=\"application\/ld+json\" class=\"yoast-schema-graph\">{\"@context\":\"https:\/\/schema.org\",\"@graph\":[{\"@type\":\"WebPage\",\"@id\":\"https:\/\/www.ghislainegarcin.fr\/produit\/tapis-fragments-teinture-vegetale\/\",\"url\":\"https:\/\/www.ghislainegarcin.fr\/produit\/tapis-fragments-teinture-vegetale\/\",\"name\":\"Tapis Fragments, teinture v\u00e9g\u00e9tale | feutre de laine | Ghislaine Garcin\",\"isPartOf\":{\"@id\":\"https:\/\/www.ghislainegarcin.fr\/#website\"},\"primaryImageOfPage\":{\"@id\":\"https:\/\/www.ghislainegarcin.fr\/produit\/tapis-fragments-teinture-vegetale\/#primaryimage\"},\"image\":{\"@id\":\"https:\/\/www.ghislainegarcin.fr\/produit\/tapis-fragments-teinture-vegetale\/#primaryimage\"},\"thumbnailUrl\":\"https:\/\/www.ghislainegarcin.fr\/wp-content\/uploads\/2024\/12\/Tapis-fragments-feutre-laine-tricot.jpg\",\"datePublished\":\"2024-12-20T16:13:20+00:00\",\"dateModified\":\"2025-12-28T23:02:57+00:00\",\"description\":\"Int\u00e9gralement con\u00e7u en couleurs naturelles ou v\u00e9g\u00e9tales, le tapis Fragments en feutre de laine fait \u00e9cho \u00e0 notre d\u00e9sir profond de retour \u00e0 l'essentiel.\",\"breadcrumb\":{\"@id\":\"https:\/\/www.ghislainegarcin.fr\/produit\/tapis-fragments-teinture-vegetale\/#breadcrumb\"},\"inLanguage\":\"en-GB\",\"potentialAction\":[{\"@type\":\"ReadAction\",\"target\":[\"https:\/\/www.ghislainegarcin.fr\/produit\/tapis-fragments-teinture-vegetale\/\"]}]},{\"@type\":\"ImageObject\",\"inLanguage\":\"en-GB\",\"@id\":\"https:\/\/www.ghislainegarcin.fr\/produit\/tapis-fragments-teinture-vegetale\/#primaryimage\",\"url\":\"https:\/\/www.ghislainegarcin.fr\/wp-content\/uploads\/2024\/12\/Tapis-fragments-feutre-laine-tricot.jpg\",\"contentUrl\":\"https:\/\/www.ghislainegarcin.fr\/wp-content\/uploads\/2024\/12\/Tapis-fragments-feutre-laine-tricot.jpg\",\"width\":1300,\"height\":1300},{\"@type\":\"BreadcrumbList\",\"@id\":\"https:\/\/www.ghislainegarcin.fr\/produit\/tapis-fragments-teinture-vegetale\/#breadcrumb\",\"itemListElement\":[{\"@type\":\"ListItem\",\"position\":1,\"name\":\"Accueil\",\"item\":\"https:\/\/www.ghislainegarcin.fr\/\"},{\"@type\":\"ListItem\",\"position\":2,\"name\":\"Boutique\",\"item\":\"https:\/\/www.ghislainegarcin.fr\/boutique\/\"},{\"@type\":\"ListItem\",\"position\":3,\"name\":\"Tapis Fragments, teinture v\u00e9g\u00e9tale\"}]},{\"@type\":\"WebSite\",\"@id\":\"https:\/\/www.ghislainegarcin.fr\/#website\",\"url\":\"https:\/\/www.ghislainegarcin.fr\/\",\"name\":\"Ghislaine Garcin\",\"description\":\"feutre art textile\",\"publisher\":{\"@id\":\"https:\/\/www.ghislainegarcin.fr\/#organization\"},\"potentialAction\":[{\"@type\":\"SearchAction\",\"target\":{\"@type\":\"EntryPoint\",\"urlTemplate\":\"https:\/\/www.ghislainegarcin.fr\/?s={search_term_string}\"},\"query-input\":{\"@type\":\"PropertyValueSpecification\",\"valueRequired\":true,\"valueName\":\"search_term_string\"}}],\"inLanguage\":\"en-GB\"},{\"@type\":\"Organization\",\"@id\":\"https:\/\/www.ghislainegarcin.fr\/#organization\",\"name\":\"Ghislaine Garcin\",\"url\":\"https:\/\/www.ghislainegarcin.fr\/\",\"logo\":{\"@type\":\"ImageObject\",\"inLanguage\":\"en-GB\",\"@id\":\"https:\/\/www.ghislainegarcin.fr\/#\/schema\/logo\/image\/\",\"url\":\"https:\/\/www.ghislainegarcin.fr\/wp-content\/uploads\/2025\/10\/cropped-newlogofeutrearttextileBD.jpg\",\"contentUrl\":\"https:\/\/www.ghislainegarcin.fr\/wp-content\/uploads\/2025\/10\/cropped-newlogofeutrearttextileBD.jpg\",\"width\":384,\"height\":108,\"caption\":\"Ghislaine Garcin\"},\"image\":{\"@id\":\"https:\/\/www.ghislainegarcin.fr\/#\/schema\/logo\/image\/\"},\"sameAs\":[\"https:\/\/www.facebook.com\/ghislainegarcin.creationstextiles\/\",\"https:\/\/www.instagram.com\/ghislainegarcin\/\",\"https:\/\/www.linkedin.com\/in\/ghislainegarcin\/\"]}]}<\/script>\n<!-- \/ Yoast SEO plugin. -->","yoast_head_json":{"title":"Tapis Fragments, teinture v\u00e9g\u00e9tale | feutre de laine | Ghislaine Garcin","description":"Int\u00e9gralement con\u00e7u en couleurs naturelles ou v\u00e9g\u00e9tales, le tapis Fragments en feutre de laine fait \u00e9cho \u00e0 notre d\u00e9sir profond de retour \u00e0 l'essentiel.","robots":{"index":"index","follow":"follow","max-snippet":"max-snippet:-1","max-image-preview":"max-image-preview:large","max-video-preview":"max-video-preview:-1"},"canonical":"https:\/\/www.ghislainegarcin.fr\/en\/product\/tapis-fragments-teinture-vegetale\/","og_locale":"en_GB","og_type":"article","og_title":"Tapis Fragments, teinture v\u00e9g\u00e9tale | feutre de laine | Ghislaine Garcin","og_description":"Int\u00e9gralement con\u00e7u en couleurs naturelles ou v\u00e9g\u00e9tales, le tapis Fragments en feutre de laine fait \u00e9cho \u00e0 notre d\u00e9sir profond de retour \u00e0 l'essentiel.","og_url":"https:\/\/www.ghislainegarcin.fr\/en\/product\/tapis-fragments-teinture-vegetale\/","og_site_name":"Ghislaine Garcin","article_publisher":"https:\/\/www.facebook.com\/ghislainegarcin.creationstextiles\/","article_modified_time":"2025-12-28T23:02:57+00:00","og_image":[{"width":1300,"height":1300,"url":"https:\/\/www.ghislainegarcin.fr\/wp-content\/uploads\/2024\/12\/Tapis-fragments-feutre-laine-tricot.jpg","type":"image\/jpeg"}],"twitter_card":"summary_large_image","twitter_misc":{"Estimated reading time":"2 minutes"},"schema":{"@context":"https:\/\/schema.org","@graph":[{"@type":"WebPage","@id":"https:\/\/www.ghislainegarcin.fr\/produit\/tapis-fragments-teinture-vegetale\/","url":"https:\/\/www.ghislainegarcin.fr\/produit\/tapis-fragments-teinture-vegetale\/","name":"Tapis Fragments, teinture v\u00e9g\u00e9tale | feutre de laine | Ghislaine Garcin","isPartOf":{"@id":"https:\/\/www.ghislainegarcin.fr\/#website"},"primaryImageOfPage":{"@id":"https:\/\/www.ghislainegarcin.fr\/produit\/tapis-fragments-teinture-vegetale\/#primaryimage"},"image":{"@id":"https:\/\/www.ghislainegarcin.fr\/produit\/tapis-fragments-teinture-vegetale\/#primaryimage"},"thumbnailUrl":"https:\/\/www.ghislainegarcin.fr\/wp-content\/uploads\/2024\/12\/Tapis-fragments-feutre-laine-tricot.jpg","datePublished":"2024-12-20T16:13:20+00:00","dateModified":"2025-12-28T23:02:57+00:00","description":"Int\u00e9gralement con\u00e7u en couleurs naturelles ou v\u00e9g\u00e9tales, le tapis Fragments en feutre de laine fait \u00e9cho \u00e0 notre d\u00e9sir profond de retour \u00e0 l'essentiel.","breadcrumb":{"@id":"https:\/\/www.ghislainegarcin.fr\/produit\/tapis-fragments-teinture-vegetale\/#breadcrumb"},"inLanguage":"en-GB","potentialAction":[{"@type":"ReadAction","target":["https:\/\/www.ghislainegarcin.fr\/produit\/tapis-fragments-teinture-vegetale\/"]}]},{"@type":"ImageObject","inLanguage":"en-GB","@id":"https:\/\/www.ghislainegarcin.fr\/produit\/tapis-fragments-teinture-vegetale\/#primaryimage","url":"https:\/\/www.ghislainegarcin.fr\/wp-content\/uploads\/2024\/12\/Tapis-fragments-feutre-laine-tricot.jpg","contentUrl":"https:\/\/www.ghislainegarcin.fr\/wp-content\/uploads\/2024\/12\/Tapis-fragments-feutre-laine-tricot.jpg","width":1300,"height":1300},{"@type":"BreadcrumbList","@id":"https:\/\/www.ghislainegarcin.fr\/produit\/tapis-fragments-teinture-vegetale\/#breadcrumb","itemListElement":[{"@type":"ListItem","position":1,"name":"Accueil","item":"https:\/\/www.ghislainegarcin.fr\/"},{"@type":"ListItem","position":2,"name":"Boutique","item":"https:\/\/www.ghislainegarcin.fr\/boutique\/"},{"@type":"ListItem","position":3,"name":"Tapis Fragments, teinture v\u00e9g\u00e9tale"}]},{"@type":"WebSite","@id":"https:\/\/www.ghislainegarcin.fr\/#website","url":"https:\/\/www.ghislainegarcin.fr\/","name":"Ghislaine Garcin","description":"feutre art textile","publisher":{"@id":"https:\/\/www.ghislainegarcin.fr\/#organization"},"potentialAction":[{"@type":"SearchAction","target":{"@type":"EntryPoint","urlTemplate":"https:\/\/www.ghislainegarcin.fr\/?s={search_term_string}"},"query-input":{"@type":"PropertyValueSpecification","valueRequired":true,"valueName":"search_term_string"}}],"inLanguage":"en-GB"},{"@type":"Organization","@id":"https:\/\/www.ghislainegarcin.fr\/#organization","name":"Ghislaine Garcin","url":"https:\/\/www.ghislainegarcin.fr\/","logo":{"@type":"ImageObject","inLanguage":"en-GB","@id":"https:\/\/www.ghislainegarcin.fr\/#\/schema\/logo\/image\/","url":"https:\/\/www.ghislainegarcin.fr\/wp-content\/uploads\/2025\/10\/cropped-newlogofeutrearttextileBD.jpg","contentUrl":"https:\/\/www.ghislainegarcin.fr\/wp-content\/uploads\/2025\/10\/cropped-newlogofeutrearttextileBD.jpg","width":384,"height":108,"caption":"Ghislaine Garcin"},"image":{"@id":"https:\/\/www.ghislainegarcin.fr\/#\/schema\/logo\/image\/"},"sameAs":["https:\/\/www.facebook.com\/ghislainegarcin.creationstextiles\/","https:\/\/www.instagram.com\/ghislainegarcin\/","https:\/\/www.linkedin.com\/in\/ghislainegarcin\/"]}]}},"_links":{"self":[{"href":"https:\/\/www.ghislainegarcin.fr\/en\/wp-json\/wp\/v2\/product\/4363"}],"collection":[{"href":"https:\/\/www.ghislainegarcin.fr\/en\/wp-json\/wp\/v2\/product"}],"about":[{"href":"https:\/\/www.ghislainegarcin.fr\/en\/wp-json\/wp\/v2\/types\/product"}],"wp:featuredmedia":[{"embeddable":true,"href":"https:\/\/www.ghislainegarcin.fr\/en\/wp-json\/wp\/v2\/media\/4367"}],"wp:attachment":[{"href":"https:\/\/www.ghislainegarcin.fr\/en\/wp-json\/wp\/v2\/media?parent=4363"}],"wp:term":[{"taxonomy":"product_cat","embeddable":true,"href":"https:\/\/www.ghislainegarcin.fr\/en\/wp-json\/wp\/v2\/product_cat?post=4363"},{"taxonomy":"product_tag","embeddable":true,"href":"https:\/\/www.ghislainegarcin.fr\/en\/wp-json\/wp\/v2\/product_tag?post=4363"}],"curies":[{"name":"wp","href":"https:\/\/api.w.org\/{rel}","templated":true}]}}